{"id":7640,"date":"2015-06-24T09:39:21","date_gmt":"2015-06-24T07:39:21","guid":{"rendered":"https:\/\/rtpersonal.de\/nadruk\/"},"modified":"2025-01-03T23:58:58","modified_gmt":"2025-01-03T21:58:58","slug":"nadruk","status":"publish","type":"page","link":"https:\/\/rtpersonal.de\/pl\/nadruk\/","title":{"rendered":"Nadruk"},"content":{"rendered":"\t\t<div data-elementor-type=\"wp-post\" data-elementor-id=\"7640\" class=\"elementor elementor-7640 elementor-3608\" data-elementor-post-type=\"page\">\n\t\t\t\t\t\t<section class=\"elementor-section elementor-top-section elementor-element elementor-element-68b89a2 elementor-section-boxed elementor-section-height-default elementor-section-height-default\" data-id=\"68b89a2\" data-element_type=\"section\">\n\t\t\t\t\t\t<div class=\"elementor-container elementor-column-gap-default\">\n\t\t\t\t\t<div class=\"elementor-column elementor-col-100 elementor-top-column elementor-element elementor-element-92f453b\" data-id=\"92f453b\" data-element_type=\"column\">\n\t\t\t<div class=\"elementor-widget-wrap elementor-element-populated\">\n\t\t\t\t\t\t<div class=\"elementor-element elementor-element-e9a0ca2 elementor-widget elementor-widget-heading\" data-id=\"e9a0ca2\" data-element_type=\"widget\" data-widget_type=\"heading.default\">\n\t\t\t\t<div class=\"elementor-widget-container\">\n\t\t\t\t\t<h1 class=\"elementor-heading-title elementor-size-default\">Nadruk<\/h1>\t\t\t\t<\/div>\n\t\t\t\t<\/div>\n\t\t\t\t<div class=\"elementor-element elementor-element-d41d2ea elementor-widget elementor-widget-heading\" data-id=\"d41d2ea\" data-element_type=\"widget\" data-widget_type=\"heading.default\">\n\t\t\t\t<div class=\"elementor-widget-container\">\n\t\t\t\t\t<h3 class=\"elementor-heading-title elementor-size-default\">Informacje zgodnie z \u00a75 TMG:<\/h3>\t\t\t\t<\/div>\n\t\t\t\t<\/div>\n\t\t\t\t<div class=\"elementor-element elementor-element-8d22966 elementor-icon-list--layout-traditional elementor-list-item-link-full_width elementor-widget elementor-widget-icon-list\" data-id=\"8d22966\" data-element_type=\"widget\" data-widget_type=\"icon-list.default\">\n\t\t\t\t<div class=\"elementor-widget-container\">\n\t\t\t\t\t\t\t<ul class=\"elementor-icon-list-items\">\n\t\t\t\t\t\t\t<li class=\"elementor-icon-list-item\">\n\t\t\t\t\t\t\t\t\t\t\t<span class=\"elementor-icon-list-icon\">\n\t\t\t\t\t\t\t<i aria-hidden=\"true\" class=\"fas fa-industry\"><\/i>\t\t\t\t\t\t<\/span>\n\t\t\t\t\t\t\t\t\t\t<span class=\"elementor-icon-list-text\">rt Personal GmbH<\/span>\n\t\t\t\t\t\t\t\t\t<\/li>\n\t\t\t\t\t\t\t\t<li class=\"elementor-icon-list-item\">\n\t\t\t\t\t\t\t\t\t\t\t<span class=\"elementor-icon-list-icon\">\n\t\t\t\t\t\t\t<i aria-hidden=\"true\" class=\"fas fa-map-marker-alt\"><\/i>\t\t\t\t\t\t<\/span>\n\t\t\t\t\t\t\t\t\t\t<span class=\"elementor-icon-list-text\"><br>Grimmelshausenstra\u00dfe 9 79336 Herbolzheim<\/span>\n\t\t\t\t\t\t\t\t\t<\/li>\n\t\t\t\t\t\t<\/ul>\n\t\t\t\t\t\t<\/div>\n\t\t\t\t<\/div>\n\t\t\t\t<div class=\"elementor-element elementor-element-6971d40 elementor-widget elementor-widget-heading\" data-id=\"6971d40\" data-element_type=\"widget\" data-widget_type=\"heading.default\">\n\t\t\t\t<div class=\"elementor-widget-container\">\n\t\t\t\t\t<h3 class=\"elementor-heading-title elementor-size-default\">Reprezentowany przez:<\/h3>\t\t\t\t<\/div>\n\t\t\t\t<\/div>\n\t\t\t\t<div class=\"elementor-element elementor-element-500ceb6 elementor-widget elementor-widget-heading\" data-id=\"500ceb6\" data-element_type=\"widget\" data-widget_type=\"heading.default\">\n\t\t\t\t<div class=\"elementor-widget-container\">\n\t\t\t\t\t<p class=\"elementor-heading-title elementor-size-default\"><br>Pan Sebastian Trotter Dyrektor Zarz\u0105dzaj\u0105cy<\/p>\t\t\t\t<\/div>\n\t\t\t\t<\/div>\n\t\t\t\t<div class=\"elementor-element elementor-element-c6d209c elementor-widget elementor-widget-heading\" data-id=\"c6d209c\" data-element_type=\"widget\" data-widget_type=\"heading.default\">\n\t\t\t\t<div class=\"elementor-widget-container\">\n\t\t\t\t\t<h3 class=\"elementor-heading-title elementor-size-default\">Kontakt:<\/h3>\t\t\t\t<\/div>\n\t\t\t\t<\/div>\n\t\t\t\t<div class=\"elementor-element elementor-element-3391a84 elementor-icon-list--layout-traditional elementor-list-item-link-full_width elementor-widget elementor-widget-icon-list\" data-id=\"3391a84\" data-element_type=\"widget\" data-widget_type=\"icon-list.default\">\n\t\t\t\t<div class=\"elementor-widget-container\">\n\t\t\t\t\t\t\t<ul class=\"elementor-icon-list-items\">\n\t\t\t\t\t\t\t<li class=\"elementor-icon-list-item\">\n\t\t\t\t\t\t\t\t\t\t\t<span class=\"elementor-icon-list-icon\">\n\t\t\t\t\t\t\t<i aria-hidden=\"true\" class=\"fas fa-map-marker-alt\"><\/i>\t\t\t\t\t\t<\/span>\n\t\t\t\t\t\t\t\t\t\t<span class=\"elementor-icon-list-text\"><br>Grimmelshausenstra\u00dfe 9 79336 Herbolzheim<\/span>\n\t\t\t\t\t\t\t\t\t<\/li>\n\t\t\t\t\t\t\t\t<li class=\"elementor-icon-list-item\">\n\t\t\t\t\t\t\t\t\t\t\t<span class=\"elementor-icon-list-icon\">\n\t\t\t\t\t\t\t<i aria-hidden=\"true\" class=\"fas fa-phone-alt\"><\/i>\t\t\t\t\t\t<\/span>\n\t\t\t\t\t\t\t\t\t\t<span class=\"elementor-icon-list-text\">07821\/9936100<\/span>\n\t\t\t\t\t\t\t\t\t<\/li>\n\t\t\t\t\t\t\t\t<li class=\"elementor-icon-list-item\">\n\t\t\t\t\t\t\t\t\t\t\t<span class=\"elementor-icon-list-icon\">\n\t\t\t\t\t\t\t<i aria-hidden=\"true\" class=\"fas fa-envelope\"><\/i>\t\t\t\t\t\t<\/span>\n\t\t\t\t\t\t\t\t\t\t<span class=\"elementor-icon-list-text\">info@rtpersonal.de<\/span>\n\t\t\t\t\t\t\t\t\t<\/li>\n\t\t\t\t\t\t<\/ul>\n\t\t\t\t\t\t<\/div>\n\t\t\t\t<\/div>\n\t\t\t\t<div class=\"elementor-element elementor-element-e3785dc elementor-widget elementor-widget-heading\" data-id=\"e3785dc\" data-element_type=\"widget\" data-widget_type=\"heading.default\">\n\t\t\t\t<div class=\"elementor-widget-container\">\n\t\t\t\t\t<h3 class=\"elementor-heading-title elementor-size-default\">Wpis do rejestru:<\/h3>\t\t\t\t<\/div>\n\t\t\t\t<\/div>\n\t\t\t\t<div class=\"elementor-element elementor-element-04bfe8c elementor-widget elementor-widget-heading\" data-id=\"04bfe8c\" data-element_type=\"widget\" data-widget_type=\"heading.default\">\n\t\t\t\t<div class=\"elementor-widget-container\">\n\t\t\t\t\t<p class=\"elementor-heading-title elementor-size-default\">Wpis do rejestru handlowego.<br> <br> S\u0105d rejestrowy: S\u0105d lokalny we Fryburgu Numer rejestru: HRB 711095<\/p>\t\t\t\t<\/div>\n\t\t\t\t<\/div>\n\t\t\t\t<div class=\"elementor-element elementor-element-eb24c65 elementor-widget elementor-widget-heading\" data-id=\"eb24c65\" data-element_type=\"widget\" data-widget_type=\"heading.default\">\n\t\t\t\t<div class=\"elementor-widget-container\">\n\t\t\t\t\t<h3 class=\"elementor-heading-title elementor-size-default\">Podatek od warto\u015bci dodanej:<\/h3>\t\t\t\t<\/div>\n\t\t\t\t<\/div>\n\t\t\t\t<div class=\"elementor-element elementor-element-e54bd0e elementor-widget elementor-widget-heading\" data-id=\"e54bd0e\" data-element_type=\"widget\" data-widget_type=\"heading.default\">\n\t\t\t\t<div class=\"elementor-widget-container\">\n\t\t\t\t\t<p class=\"elementor-heading-title elementor-size-default\">Numer identyfikacji podatkowej zgodnie z \u00a727 ustawy o podatku od sprzeda\u017cy: DE293706693<\/p>\t\t\t\t<\/div>\n\t\t\t\t<\/div>\n\t\t\t\t<div class=\"elementor-element elementor-element-4d7fa2b elementor-widget elementor-widget-heading\" data-id=\"4d7fa2b\" data-element_type=\"widget\" data-widget_type=\"heading.default\">\n\t\t\t\t<div class=\"elementor-widget-container\">\n\t\t\t\t\t<h3 class=\"elementor-heading-title elementor-size-default\">Odpowiedzialny za tre\u015b\u0107 zgodnie z \u00a7 55 Abs. 2 RStV:  <\/h3>\t\t\t\t<\/div>\n\t\t\t\t<\/div>\n\t\t\t\t<div class=\"elementor-element elementor-element-35e566b elementor-widget elementor-widget-heading\" data-id=\"35e566b\" data-element_type=\"widget\" data-widget_type=\"heading.default\">\n\t\t\t\t<div class=\"elementor-widget-container\">\n\t\t\t\t\t<p class=\"elementor-heading-title elementor-size-default\"><br><br> Pan Sebastian Trotter Schillerstrasse 2 77933 Lahr w Schwarzwaldzie<\/p>\t\t\t\t<\/div>\n\t\t\t\t<\/div>\n\t\t\t\t<div class=\"elementor-element elementor-element-bc0d57d elementor-widget elementor-widget-heading\" data-id=\"bc0d57d\" data-element_type=\"widget\" data-widget_type=\"heading.default\">\n\t\t\t\t<div class=\"elementor-widget-container\">\n\t\t\t\t\t<h3 class=\"elementor-heading-title elementor-size-default\">Rozstrzyganie spor\u00f3w<\/h3>\t\t\t\t<\/div>\n\t\t\t\t<\/div>\n\t\t\t\t<div class=\"elementor-element elementor-element-e7dd5e2 elementor-widget elementor-widget-heading\" data-id=\"e7dd5e2\" data-element_type=\"widget\" data-widget_type=\"heading.default\">\n\t\t\t\t<div class=\"elementor-widget-container\">\n\t\t\t\t\t<p class=\"elementor-heading-title elementor-size-default\">Komisja Europejska udost\u0119pnia platform\u0119 internetowego rozstrzygania spor\u00f3w (OS): https:\/\/ec.europa.eu\/consumers\/odr. Nasz adres e-mail mo\u017cna znale\u017a\u0107 w powy\u017cszej nocie prawnej. Nie jeste\u015bmy sk\u0142onni ani zobowi\u0105zani do udzia\u0142u w post\u0119powaniu rozstrzygaj\u0105cym spory przed komisj\u0105 arbitra\u017cow\u0105 ds. konsument\u00f3w.<\/p>\t\t\t\t<\/div>\n\t\t\t\t<\/div>\n\t\t\t\t<div class=\"elementor-element elementor-element-2af4ef9 elementor-widget elementor-widget-heading\" data-id=\"2af4ef9\" data-element_type=\"widget\" data-widget_type=\"heading.default\">\n\t\t\t\t<div class=\"elementor-widget-container\">\n\t\t\t\t\t<h3 class=\"elementor-heading-title elementor-size-default\">Odpowiedzialno\u015b\u0107 za tre\u015bci i linki<\/h3>\t\t\t\t<\/div>\n\t\t\t\t<\/div>\n\t\t\t\t<div class=\"elementor-element elementor-element-d0d91af elementor-widget elementor-widget-heading\" data-id=\"d0d91af\" data-element_type=\"widget\" data-widget_type=\"heading.default\">\n\t\t\t\t<div class=\"elementor-widget-container\">\n\t\t\t\t\t<p class=\"elementor-heading-title elementor-size-default\">Jako dostawca us\u0142ug jeste\u015bmy zobowi\u0105zani zgodnie z \u00a7 7 ust. 1 TMG ponosi odpowiedzialno\u015b\u0107 za w\u0142asne tre\u015bci na tych stronach zgodnie z og\u00f3lnymi przepisami prawa. Zgodnie z \u00a7\u00a7 8 do 10 TMG, jako us\u0142ugodawca nie jeste\u015bmy jednak zobowi\u0105zani do monitorowania przekazywanych lub przechowywanych informacji os\u00f3b trzecich ani do badania okoliczno\u015bci wskazuj\u0105cych na nielegaln\u0105 dzia\u0142alno\u015b\u0107. Nie ma to wp\u0142ywu na obowi\u0105zek usuni\u0119cia lub zablokowania korzystania z informacji zgodnie z og\u00f3lnymi przepisami prawa. Odpowiedzialno\u015b\u0107 w tym zakresie jest jednak mo\u017cliwa dopiero od momentu uzyskania wiedzy o konkretnym naruszeniu. Gdy tylko dowiemy si\u0119 o takich naruszeniach, natychmiast usuniemy te tre\u015bci.<br><br>Nasza strona internetowa zawiera linki do zewn\u0119trznych stron internetowych os\u00f3b trzecich, na kt\u00f3rych tre\u015b\u0107 nie mamy wp\u0142ywu. W zwi\u0105zku z tym nie ponosimy \u017cadnej odpowiedzialno\u015bci za tre\u015bci pochodz\u0105ce od os\u00f3b trzecich. Odpowiedni dostawca lub operator stron jest zawsze odpowiedzialny za tre\u015b\u0107 stron, do kt\u00f3rych prowadz\u0105 linki. Po\u0142\u0105czone strony zosta\u0142y sprawdzone pod k\u0105tem mo\u017cliwych narusze\u0144 prawa w momencie ich \u0142\u0105czenia. Nielegalna zawarto\u015b\u0107 nie by\u0142a rozpoznawalna w momencie linkowania. Sta\u0142e monitorowanie tre\u015bci stron, do kt\u00f3rych prowadz\u0105 linki, nie jest jednak uzasadnione bez konkretnych dowod\u00f3w naruszenia. Je\u015bli dowiemy si\u0119 o jakichkolwiek naruszeniach prawa, natychmiast usuniemy takie linki.<\/p>\t\t\t\t<\/div>\n\t\t\t\t<\/div>\n\t\t\t\t<div class=\"elementor-element elementor-element-7e7ab86 elementor-widget elementor-widget-heading\" data-id=\"7e7ab86\" data-element_type=\"widget\" data-widget_type=\"heading.default\">\n\t\t\t\t<div class=\"elementor-widget-container\">\n\t\t\t\t\t<h3 class=\"elementor-heading-title elementor-size-default\">Prawa autorskie<\/h3>\t\t\t\t<\/div>\n\t\t\t\t<\/div>\n\t\t\t\t<div class=\"elementor-element elementor-element-b0cee2b elementor-widget elementor-widget-heading\" data-id=\"b0cee2b\" data-element_type=\"widget\" data-widget_type=\"heading.default\">\n\t\t\t\t<div class=\"elementor-widget-container\">\n\t\t\t\t\t<p class=\"elementor-heading-title elementor-size-default\">Tre\u015bci i dzie\u0142a stworzone przez operator\u00f3w witryn na tych stronach podlegaj\u0105 niemieckiemu prawu autorskiemu. Powielanie, edytowanie, rozpowszechnianie i wszelkiego rodzaju wykorzystywanie poza granicami prawa autorskiego wymaga pisemnej zgody odpowiedniego autora lub tw\u00f3rcy. Pobieranie i kopiowanie niniejszej witryny jest dozwolone wy\u0142\u0105cznie do prywatnego, niekomercyjnego u\u017cytku. O ile tre\u015bci na tej stronie nie zosta\u0142y stworzone przez operatora, prawa autorskie os\u00f3b trzecich s\u0105 przestrzegane. W szczeg\u00f3lno\u015bci tre\u015bci os\u00f3b trzecich s\u0105 oznaczone jako takie. Je\u015bli mimo to dowiesz si\u0119 o naruszeniu praw autorskich, poinformuj nas o tym. Je\u015bli dowiemy si\u0119 o jakichkolwiek naruszeniach prawa, niezw\u0142ocznie usuniemy takie tre\u015bci.<\/p>\t\t\t\t<\/div>\n\t\t\t\t<\/div>\n\t\t\t\t<div class=\"elementor-element elementor-element-15a1211 elementor-widget elementor-widget-heading\" data-id=\"15a1211\" data-element_type=\"widget\" data-widget_type=\"heading.default\">\n\t\t\t\t<div class=\"elementor-widget-container\">\n\t\t\t\t\t<h3 class=\"elementor-heading-title elementor-size-default\">Marketing internetowy i projektowanie stron internetowych<\/h3>\t\t\t\t<\/div>\n\t\t\t\t<\/div>\n\t\t\t\t<div class=\"elementor-element elementor-element-a41e6e1 elementor-icon-list--layout-traditional elementor-list-item-link-full_width elementor-widget elementor-widget-icon-list\" data-id=\"a41e6e1\" data-element_type=\"widget\" data-widget_type=\"icon-list.default\">\n\t\t\t\t<div class=\"elementor-widget-container\">\n\t\t\t\t\t\t\t<ul class=\"elementor-icon-list-items\">\n\t\t\t\t\t\t\t<li class=\"elementor-icon-list-item\">\n\t\t\t\t\t\t\t\t\t\t\t<a href=\"https:\/\/leibinger.io\" target=\"_blank\">\n\n\t\t\t\t\t\t\t\t\t\t\t\t<span class=\"elementor-icon-list-icon\">\n\t\t\t\t\t\t\t<i aria-hidden=\"true\" class=\"fas fa-external-link-alt\"><\/i>\t\t\t\t\t\t<\/span>\n\t\t\t\t\t\t\t\t\t\t<span class=\"elementor-icon-list-text\">leibinger.io<\/span>\n\t\t\t\t\t\t\t\t\t\t\t<\/a>\n\t\t\t\t\t\t\t\t\t<\/li>\n\t\t\t\t\t\t<\/ul>\n\t\t\t\t\t\t<\/div>\n\t\t\t\t<\/div>\n\t\t\t\t<div class=\"elementor-element elementor-element-974a9f2 elementor-widget elementor-widget-image\" data-id=\"974a9f2\" data-element_type=\"widget\" data-widget_type=\"image.default\">\n\t\t\t\t<div class=\"elementor-widget-container\">\n\t\t\t\t\t\t\t\t\t\t\t\t\t\t\t<img decoding=\"async\" width=\"120\" height=\"156\" src=\"https:\/\/rtpersonal.de\/wp-content\/uploads\/2018\/05\/erecht24-siegel-impressum-blau.png\" class=\"attachment-large size-large wp-image-7646\" alt=\"\" \/>\t\t\t\t\t\t\t\t\t\t\t\t\t\t\t<\/div>\n\t\t\t\t<\/div>\n\t\t\t\t\t<\/div>\n\t\t<\/div>\n\t\t\t\t\t<\/div>\n\t\t<\/section>\n\t\t\t\t<section class=\"elementor-section elementor-top-section elementor-element elementor-element-984824f elementor-section-boxed elementor-section-height-default elementor-section-height-default\" data-id=\"984824f\" data-element_type=\"section\">\n\t\t\t\t\t\t<div class=\"elementor-container elementor-column-gap-default\">\n\t\t\t\t\t<div class=\"elementor-column elementor-col-100 elementor-top-column elementor-element elementor-element-82194cb\" data-id=\"82194cb\" data-element_type=\"column\">\n\t\t\t<div class=\"elementor-widget-wrap elementor-element-populated\">\n\t\t\t\t\t\t<div class=\"elementor-element elementor-element-7259 elementor-shape-square elementor-grid-1 elementor-fixed elementor-widget__width-auto e-grid-align-center elementor-widget elementor-widget-global elementor-global-8967 elementor-global-7259 elementor-widget-social-icons\" data-id=\"7259\" data-element_type=\"widget\" data-settings=\"{&quot;_position&quot;:&quot;fixed&quot;}\" data-widget_type=\"social-icons.default\">\n\t\t\t\t<div class=\"elementor-widget-container\">\n\t\t\t\t\t\t\t<div class=\"elementor-social-icons-wrapper elementor-grid\" role=\"list\">\n\t\t\t\t\t\t\t<span class=\"elementor-grid-item\" role=\"listitem\">\n\t\t\t\t\t<a class=\"elementor-icon elementor-social-icon elementor-social-icon-whatsapp elementor-animation-grow elementor-repeater-item-7bec18f\" href=\"https:\/\/wa.me\/4901706582887\" target=\"_blank\">\n\t\t\t\t\t\t<span class=\"elementor-screen-only\">Whatsapp<\/span>\n\t\t\t\t\t\t<i aria-hidden=\"true\" class=\"fab fa-whatsapp\"><\/i>\t\t\t\t\t<\/a>\n\t\t\t\t<\/span>\n\t\t\t\t\t\t\t<span class=\"elementor-grid-item\" role=\"listitem\">\n\t\t\t\t\t<a class=\"elementor-icon elementor-social-icon elementor-social-icon-facebook elementor-animation-grow elementor-repeater-item-7efced3\" href=\"https:\/\/www.facebook.com\/rtPersonal.GmbH\" target=\"_blank\">\n\t\t\t\t\t\t<span class=\"elementor-screen-only\">Facebook<\/span>\n\t\t\t\t\t\t<i aria-hidden=\"true\" class=\"fab fa-facebook\"><\/i>\t\t\t\t\t<\/a>\n\t\t\t\t<\/span>\n\t\t\t\t\t\t\t<span class=\"elementor-grid-item\" role=\"listitem\">\n\t\t\t\t\t<a class=\"elementor-icon elementor-social-icon elementor-social-icon-phone-alt elementor-animation-grow elementor-repeater-item-7f32ee9\" href=\"tel:+4978219936100\" target=\"_blank\">\n\t\t\t\t\t\t<span class=\"elementor-screen-only\">Phone-alt<\/span>\n\t\t\t\t\t\t<i aria-hidden=\"true\" class=\"fas fa-phone-alt\"><\/i>\t\t\t\t\t<\/a>\n\t\t\t\t<\/span>\n\t\t\t\t\t<\/div>\n\t\t\t\t\t\t<\/div>\n\t\t\t\t<\/div>\n\t\t\t\t\t<\/div>\n\t\t<\/div>\n\t\t\t\t\t<\/div>\n\t\t<\/section>\n\t\t\t\t<\/div>\n\t\t","protected":false},"excerpt":{"rendered":"<p>Nadruk Informacje zgodnie z \u00a75 TMG: rt Personal GmbH Grimmelshausenstra\u00dfe 9 79336 Herbolzheim Reprezentowany przez: Pan Sebastian Trotter Dyrektor Zarz\u0105dzaj\u0105cy Kontakt: Grimmelshausenstra\u00dfe 9 79336 Herbolzheim 07821\/9936100 info@rtpersonal.de Wpis do rejestru: Wpis do rejestru handlowego. S\u0105d rejestrowy: S\u0105d lokalny we Fryburgu Numer rejestru: HRB 711095 Podatek od warto\u015bci dodanej: Numer identyfikacji podatkowej zgodnie z \u00a727 ustawy [&hellip;]<\/p>\n","protected":false},"author":8,"featured_media":0,"parent":0,"menu_order":0,"comment_status":"open","ping_status":"open","template":"","meta":{"footnotes":""},"class_list":["post-7640","page","type-page","status-publish","hentry","wpbf-post"],"yoast_head":"<!-- This site is optimized with the Yoast SEO plugin v26.5 - https:\/\/yoast.com\/wordpress\/plugins\/seo\/ -->\n<title>Nadruk - rt Personal<\/title>\n<meta name=\"description\" content=\"Imprint firmy rt Personal GmbH - dostawcy us\u0142ug personalnych w po\u0142udniowej Badenii. Lokalizacje w Offenburgu, Lahr, Malterdingen i Gundelfingen. Skontaktuj si\u0119 z nami!\" \/>\n<meta name=\"robots\" content=\"noindex, follow\" \/>\n<meta name=\"twitter:card\" content=\"summary_large_image\" \/>\n<meta name=\"twitter:title\" content=\"Nadruk - rt Personal\" \/>\n<meta name=\"twitter:description\" content=\"Imprint firmy rt Personal GmbH - dostawcy us\u0142ug personalnych w po\u0142udniowej Badenii. Lokalizacje w Offenburgu, Lahr, Malterdingen i Gundelfingen. Skontaktuj si\u0119 z nami!\" \/>\n<meta name=\"twitter:image\" content=\"https:\/\/rtpersonal.de\/wp-content\/uploads\/2018\/05\/erecht24-siegel-impressum-blau.png\" \/>\n<meta name=\"twitter:label1\" content=\"Szacowany czas czytania\" \/>\n\t<meta name=\"twitter:data1\" content=\"2 minuty\" \/>\n<script type=\"application\/ld+json\" class=\"yoast-schema-graph\">{\"@context\":\"https:\/\/schema.org\",\"@graph\":[{\"@type\":\"WebPage\",\"@id\":\"https:\/\/rtpersonal.de\/pl\/nadruk\/\",\"url\":\"https:\/\/rtpersonal.de\/pl\/nadruk\/\",\"name\":\"Nadruk - rt Personal\",\"isPartOf\":{\"@id\":\"https:\/\/rtpersonal.de\/pl\/#website\"},\"primaryImageOfPage\":{\"@id\":\"https:\/\/rtpersonal.de\/pl\/nadruk\/#primaryimage\"},\"image\":{\"@id\":\"https:\/\/rtpersonal.de\/pl\/nadruk\/#primaryimage\"},\"thumbnailUrl\":\"https:\/\/rtpersonal.de\/wp-content\/uploads\/2018\/05\/erecht24-siegel-impressum-blau.png\",\"datePublished\":\"2015-06-24T07:39:21+00:00\",\"dateModified\":\"2025-01-03T21:58:58+00:00\",\"description\":\"Imprint firmy rt Personal GmbH - dostawcy us\u0142ug personalnych w po\u0142udniowej Badenii. Lokalizacje w Offenburgu, Lahr, Malterdingen i Gundelfingen. Skontaktuj si\u0119 z nami!\",\"breadcrumb\":{\"@id\":\"https:\/\/rtpersonal.de\/pl\/nadruk\/#breadcrumb\"},\"inLanguage\":\"pl-PL\",\"potentialAction\":[{\"@type\":\"ReadAction\",\"target\":[\"https:\/\/rtpersonal.de\/pl\/nadruk\/\"]}]},{\"@type\":\"ImageObject\",\"inLanguage\":\"pl-PL\",\"@id\":\"https:\/\/rtpersonal.de\/pl\/nadruk\/#primaryimage\",\"url\":\"https:\/\/rtpersonal.de\/wp-content\/uploads\/2018\/05\/erecht24-siegel-impressum-blau.png\",\"contentUrl\":\"https:\/\/rtpersonal.de\/wp-content\/uploads\/2018\/05\/erecht24-siegel-impressum-blau.png\"},{\"@type\":\"BreadcrumbList\",\"@id\":\"https:\/\/rtpersonal.de\/pl\/nadruk\/#breadcrumb\",\"itemListElement\":[{\"@type\":\"ListItem\",\"position\":1,\"name\":\"Startseite\",\"item\":\"https:\/\/rtpersonal.de\/pl\/\"},{\"@type\":\"ListItem\",\"position\":2,\"name\":\"Nadruk\"}]},{\"@type\":\"WebSite\",\"@id\":\"https:\/\/rtpersonal.de\/pl\/#website\",\"url\":\"https:\/\/rtpersonal.de\/pl\/\",\"name\":\"rt Personal\",\"description\":\"Ihr Partner f\u00fcr Zeitarbeit, Leiharbeit &amp; Personalvermittlung\",\"publisher\":{\"@id\":\"https:\/\/rtpersonal.de\/pl\/#organization\"},\"potentialAction\":[{\"@type\":\"SearchAction\",\"target\":{\"@type\":\"EntryPoint\",\"urlTemplate\":\"https:\/\/rtpersonal.de\/pl\/?s={search_term_string}\"},\"query-input\":{\"@type\":\"PropertyValueSpecification\",\"valueRequired\":true,\"valueName\":\"search_term_string\"}}],\"inLanguage\":\"pl-PL\"},{\"@type\":\"Organization\",\"@id\":\"https:\/\/rtpersonal.de\/pl\/#organization\",\"name\":\"rt Personal\",\"url\":\"https:\/\/rtpersonal.de\/pl\/\",\"logo\":{\"@type\":\"ImageObject\",\"inLanguage\":\"pl-PL\",\"@id\":\"https:\/\/rtpersonal.de\/pl\/#\/schema\/logo\/image\/\",\"url\":\"https:\/\/rtpersonal.de\/wp-content\/uploads\/2019\/08\/logo_gross.png\",\"contentUrl\":\"https:\/\/rtpersonal.de\/wp-content\/uploads\/2019\/08\/logo_gross.png\",\"width\":582,\"height\":146,\"caption\":\"rt Personal\"},\"image\":{\"@id\":\"https:\/\/rtpersonal.de\/pl\/#\/schema\/logo\/image\/\"}}]}<\/script>\n<!-- \/ Yoast SEO plugin. -->","yoast_head_json":{"title":"Nadruk - rt Personal","description":"Imprint firmy rt Personal GmbH - dostawcy us\u0142ug personalnych w po\u0142udniowej Badenii. Lokalizacje w Offenburgu, Lahr, Malterdingen i Gundelfingen. Skontaktuj si\u0119 z nami!","robots":{"index":"noindex","follow":"follow"},"twitter_card":"summary_large_image","twitter_title":"Nadruk - rt Personal","twitter_description":"Imprint firmy rt Personal GmbH - dostawcy us\u0142ug personalnych w po\u0142udniowej Badenii. Lokalizacje w Offenburgu, Lahr, Malterdingen i Gundelfingen. Skontaktuj si\u0119 z nami!","twitter_image":"https:\/\/rtpersonal.de\/wp-content\/uploads\/2018\/05\/erecht24-siegel-impressum-blau.png","twitter_misc":{"Szacowany czas czytania":"2 minuty"},"schema":{"@context":"https:\/\/schema.org","@graph":[{"@type":"WebPage","@id":"https:\/\/rtpersonal.de\/pl\/nadruk\/","url":"https:\/\/rtpersonal.de\/pl\/nadruk\/","name":"Nadruk - rt Personal","isPartOf":{"@id":"https:\/\/rtpersonal.de\/pl\/#website"},"primaryImageOfPage":{"@id":"https:\/\/rtpersonal.de\/pl\/nadruk\/#primaryimage"},"image":{"@id":"https:\/\/rtpersonal.de\/pl\/nadruk\/#primaryimage"},"thumbnailUrl":"https:\/\/rtpersonal.de\/wp-content\/uploads\/2018\/05\/erecht24-siegel-impressum-blau.png","datePublished":"2015-06-24T07:39:21+00:00","dateModified":"2025-01-03T21:58:58+00:00","description":"Imprint firmy rt Personal GmbH - dostawcy us\u0142ug personalnych w po\u0142udniowej Badenii. Lokalizacje w Offenburgu, Lahr, Malterdingen i Gundelfingen. Skontaktuj si\u0119 z nami!","breadcrumb":{"@id":"https:\/\/rtpersonal.de\/pl\/nadruk\/#breadcrumb"},"inLanguage":"pl-PL","potentialAction":[{"@type":"ReadAction","target":["https:\/\/rtpersonal.de\/pl\/nadruk\/"]}]},{"@type":"ImageObject","inLanguage":"pl-PL","@id":"https:\/\/rtpersonal.de\/pl\/nadruk\/#primaryimage","url":"https:\/\/rtpersonal.de\/wp-content\/uploads\/2018\/05\/erecht24-siegel-impressum-blau.png","contentUrl":"https:\/\/rtpersonal.de\/wp-content\/uploads\/2018\/05\/erecht24-siegel-impressum-blau.png"},{"@type":"BreadcrumbList","@id":"https:\/\/rtpersonal.de\/pl\/nadruk\/#breadcrumb","itemListElement":[{"@type":"ListItem","position":1,"name":"Startseite","item":"https:\/\/rtpersonal.de\/pl\/"},{"@type":"ListItem","position":2,"name":"Nadruk"}]},{"@type":"WebSite","@id":"https:\/\/rtpersonal.de\/pl\/#website","url":"https:\/\/rtpersonal.de\/pl\/","name":"rt Personal","description":"Ihr Partner f\u00fcr Zeitarbeit, Leiharbeit &amp; Personalvermittlung","publisher":{"@id":"https:\/\/rtpersonal.de\/pl\/#organization"},"potentialAction":[{"@type":"SearchAction","target":{"@type":"EntryPoint","urlTemplate":"https:\/\/rtpersonal.de\/pl\/?s={search_term_string}"},"query-input":{"@type":"PropertyValueSpecification","valueRequired":true,"valueName":"search_term_string"}}],"inLanguage":"pl-PL"},{"@type":"Organization","@id":"https:\/\/rtpersonal.de\/pl\/#organization","name":"rt Personal","url":"https:\/\/rtpersonal.de\/pl\/","logo":{"@type":"ImageObject","inLanguage":"pl-PL","@id":"https:\/\/rtpersonal.de\/pl\/#\/schema\/logo\/image\/","url":"https:\/\/rtpersonal.de\/wp-content\/uploads\/2019\/08\/logo_gross.png","contentUrl":"https:\/\/rtpersonal.de\/wp-content\/uploads\/2019\/08\/logo_gross.png","width":582,"height":146,"caption":"rt Personal"},"image":{"@id":"https:\/\/rtpersonal.de\/pl\/#\/schema\/logo\/image\/"}}]}},"_links":{"self":[{"href":"https:\/\/rtpersonal.de\/pl\/wp-json\/wp\/v2\/pages\/7640","targetHints":{"allow":["GET"]}}],"collection":[{"href":"https:\/\/rtpersonal.de\/pl\/wp-json\/wp\/v2\/pages"}],"about":[{"href":"https:\/\/rtpersonal.de\/pl\/wp-json\/wp\/v2\/types\/page"}],"author":[{"embeddable":true,"href":"https:\/\/rtpersonal.de\/pl\/wp-json\/wp\/v2\/users\/8"}],"replies":[{"embeddable":true,"href":"https:\/\/rtpersonal.de\/pl\/wp-json\/wp\/v2\/comments?post=7640"}],"version-history":[{"count":4,"href":"https:\/\/rtpersonal.de\/pl\/wp-json\/wp\/v2\/pages\/7640\/revisions"}],"predecessor-version":[{"id":9222,"href":"https:\/\/rtpersonal.de\/pl\/wp-json\/wp\/v2\/pages\/7640\/revisions\/9222"}],"wp:attachment":[{"href":"https:\/\/rtpersonal.de\/pl\/wp-json\/wp\/v2\/media?parent=7640"}],"curies":[{"name":"wp","href":"https:\/\/api.w.org\/{rel}","templated":true}]}}