{"id":7721,"date":"2015-09-04T10:01:24","date_gmt":"2015-09-04T08:01:24","guid":{"rendered":"https:\/\/rtpersonal.de\/dla-firm\/"},"modified":"2023-11-21T23:52:57","modified_gmt":"2023-11-21T21:52:57","slug":"dla-firm","status":"publish","type":"page","link":"https:\/\/rtpersonal.de\/pl\/uslugi-kadrowe\/dla-firm\/","title":{"rendered":"Dla firm"},"content":{"rendered":"\t\t<div data-elementor-type=\"wp-post\" data-elementor-id=\"7721\" class=\"elementor elementor-7721 elementor-3855\" data-elementor-post-type=\"page\">\n\t\t\t\t\t\t<section class=\"elementor-section elementor-top-section elementor-element elementor-element-884dac1 elementor-section-content-middle elementor-section-boxed elementor-section-height-default elementor-section-height-default\" data-id=\"884dac1\" data-element_type=\"section\" data-settings=\"{&quot;shape_divider_bottom&quot;:&quot;pyramids&quot;,&quot;shape_divider_bottom_negative&quot;:&quot;yes&quot;}\">\n\t\t\t\t\t<div class=\"elementor-shape elementor-shape-bottom\" aria-hidden=\"true\" data-negative=\"true\">\n\t\t\t<svg xmlns=\"http:\/\/www.w3.org\/2000\/svg\" viewBox=\"0 0 1000 100\" preserveAspectRatio=\"none\">\n\t<path class=\"elementor-shape-fill\" d=\"M761.9,40.6L643.1,24L333.9,93.8L0.1,1H0v99h1000V1\"\/>\n<\/svg>\t\t<\/div>\n\t\t\t\t\t<div class=\"elementor-container elementor-column-gap-default\">\n\t\t\t\t\t<div class=\"elementor-column elementor-col-33 elementor-top-column elementor-element elementor-element-fdd6472\" data-id=\"fdd6472\" data-element_type=\"column\">\n\t\t\t<div class=\"elementor-widget-wrap elementor-element-populated\">\n\t\t\t\t\t\t<div class=\"elementor-element elementor-element-f5dc8a5 elementor-widget elementor-widget-heading\" data-id=\"f5dc8a5\" data-element_type=\"widget\" data-widget_type=\"heading.default\">\n\t\t\t\t<div class=\"elementor-widget-container\">\n\t\t\t\t\t<p class=\"elementor-heading-title elementor-size-default\">Dla firm<\/p>\t\t\t\t<\/div>\n\t\t\t\t<\/div>\n\t\t\t\t<div class=\"elementor-element elementor-element-8448c39 elementor-widget-divider--view-line elementor-widget elementor-widget-divider\" data-id=\"8448c39\" data-element_type=\"widget\" data-widget_type=\"divider.default\">\n\t\t\t\t<div class=\"elementor-widget-container\">\n\t\t\t\t\t\t\t<div class=\"elementor-divider\">\n\t\t\t<span class=\"elementor-divider-separator\">\n\t\t\t\t\t\t<\/span>\n\t\t<\/div>\n\t\t\t\t\t\t<\/div>\n\t\t\t\t<\/div>\n\t\t\t\t<div class=\"elementor-element elementor-element-3df1049 elementor-widget elementor-widget-heading\" data-id=\"3df1049\" data-element_type=\"widget\" data-widget_type=\"heading.default\">\n\t\t\t\t<div class=\"elementor-widget-container\">\n\t\t\t\t\t<h1 class=\"elementor-heading-title elementor-size-default\">Nasze us\u0142ugi dla Twojej firmy<\/h1>\t\t\t\t<\/div>\n\t\t\t\t<\/div>\n\t\t\t\t<div class=\"elementor-element elementor-element-8b8a1a9 elementor-hidden-desktop elementor-hidden-tablet elementor-widget elementor-widget-image\" data-id=\"8b8a1a9\" data-element_type=\"widget\" data-widget_type=\"image.default\">\n\t\t\t\t<div class=\"elementor-widget-container\">\n\t\t\t\t\t\t\t\t\t\t\t\t\t\t\t<img fetchpriority=\"high\" decoding=\"async\" width=\"1000\" height=\"668\" src=\"https:\/\/rtpersonal.de\/wp-content\/uploads\/2019\/08\/fuer-unternehmen.jpg\" class=\"attachment-large size-large wp-image-7729\" alt=\"\" srcset=\"https:\/\/rtpersonal.de\/wp-content\/uploads\/2019\/08\/fuer-unternehmen.jpg 1000w, https:\/\/rtpersonal.de\/wp-content\/uploads\/2019\/08\/fuer-unternehmen-300x200.jpg 300w, https:\/\/rtpersonal.de\/wp-content\/uploads\/2019\/08\/fuer-unternehmen-768x513.jpg 768w\" sizes=\"(max-width: 1000px) 100vw, 1000px\" \/>\t\t\t\t\t\t\t\t\t\t\t\t\t\t\t<\/div>\n\t\t\t\t<\/div>\n\t\t\t\t<div class=\"elementor-element elementor-element-bbecec1 elementor-widget elementor-widget-heading\" data-id=\"bbecec1\" data-element_type=\"widget\" data-widget_type=\"heading.default\">\n\t\t\t\t<div class=\"elementor-widget-container\">\n\t\t\t\t\t<p class=\"elementor-heading-title elementor-size-default\">Skorzystaj z wielu zalet pracy tymczasowej i rekrutacji z nami.<\/p>\t\t\t\t<\/div>\n\t\t\t\t<\/div>\n\t\t\t\t<div class=\"elementor-element elementor-element-d1f59c0 elementor-widget elementor-widget-button\" data-id=\"d1f59c0\" data-element_type=\"widget\" data-widget_type=\"button.default\">\n\t\t\t\t<div class=\"elementor-widget-container\">\n\t\t\t\t\t\t\t\t\t<div class=\"elementor-button-wrapper\">\n\t\t\t\t\t<a class=\"elementor-button elementor-button-link elementor-size-md\" href=\"https:\/\/rtpersonal.de\/pl\/skontaktuj-sie-z-nami\/\">\n\t\t\t\t\t\t<span class=\"elementor-button-content-wrapper\">\n\t\t\t\t\t\t\t\t\t<span class=\"elementor-button-text\">Skontaktuj si\u0119 teraz<\/span>\n\t\t\t\t\t<\/span>\n\t\t\t\t\t<\/a>\n\t\t\t\t<\/div>\n\t\t\t\t\t\t\t\t<\/div>\n\t\t\t\t<\/div>\n\t\t\t\t\t<\/div>\n\t\t<\/div>\n\t\t\t\t<div class=\"elementor-column elementor-col-66 elementor-top-column elementor-element elementor-element-0d39b34\" data-id=\"0d39b34\" data-element_type=\"column\">\n\t\t\t<div class=\"elementor-widget-wrap elementor-element-populated\">\n\t\t\t\t\t\t<div class=\"elementor-element elementor-element-6149617 elementor-hidden-phone elementor-widget elementor-widget-image\" data-id=\"6149617\" data-element_type=\"widget\" data-widget_type=\"image.default\">\n\t\t\t\t<div class=\"elementor-widget-container\">\n\t\t\t\t\t\t\t\t\t\t\t\t\t\t\t<img fetchpriority=\"high\" decoding=\"async\" width=\"1000\" height=\"668\" src=\"https:\/\/rtpersonal.de\/wp-content\/uploads\/2019\/08\/fuer-unternehmen.jpg\" class=\"attachment-large size-large wp-image-7729\" alt=\"\" srcset=\"https:\/\/rtpersonal.de\/wp-content\/uploads\/2019\/08\/fuer-unternehmen.jpg 1000w, https:\/\/rtpersonal.de\/wp-content\/uploads\/2019\/08\/fuer-unternehmen-300x200.jpg 300w, https:\/\/rtpersonal.de\/wp-content\/uploads\/2019\/08\/fuer-unternehmen-768x513.jpg 768w\" sizes=\"(max-width: 1000px) 100vw, 1000px\" \/>\t\t\t\t\t\t\t\t\t\t\t\t\t\t\t<\/div>\n\t\t\t\t<\/div>\n\t\t\t\t\t<\/div>\n\t\t<\/div>\n\t\t\t\t\t<\/div>\n\t\t<\/section>\n\t\t\t\t<section class=\"elementor-section elementor-top-section elementor-element elementor-element-a741970 elementor-section-height-min-height elementor-section-boxed elementor-section-height-default elementor-section-items-middle\" data-id=\"a741970\" data-element_type=\"section\" data-settings=\"{&quot;background_background&quot;:&quot;classic&quot;,&quot;shape_divider_bottom&quot;:&quot;pyramids&quot;}\">\n\t\t\t\t\t<div class=\"elementor-shape elementor-shape-bottom\" aria-hidden=\"true\" data-negative=\"false\">\n\t\t\t<svg xmlns=\"http:\/\/www.w3.org\/2000\/svg\" viewBox=\"0 0 1000 100\" preserveAspectRatio=\"none\">\n\t<path class=\"elementor-shape-fill\" d=\"M761.9,44.1L643.1,27.2L333.8,98L0,3.8V0l1000,0v3.9\"\/>\n<\/svg>\t\t<\/div>\n\t\t\t\t\t<div class=\"elementor-container elementor-column-gap-default\">\n\t\t\t\t\t<div class=\"elementor-column elementor-col-33 elementor-top-column elementor-element elementor-element-1356a51\" data-id=\"1356a51\" data-element_type=\"column\">\n\t\t\t<div class=\"elementor-widget-wrap elementor-element-populated\">\n\t\t\t\t\t\t<div class=\"elementor-element elementor-element-a9e0bec elementor-view-default elementor-position-top elementor-mobile-position-top elementor-widget elementor-widget-icon-box\" data-id=\"a9e0bec\" data-element_type=\"widget\" data-widget_type=\"icon-box.default\">\n\t\t\t\t<div class=\"elementor-widget-container\">\n\t\t\t\t\t\t\t<div class=\"elementor-icon-box-wrapper\">\n\n\t\t\t\t\t\t<div class=\"elementor-icon-box-icon\">\n\t\t\t\t<a href=\"https:\/\/rtpersonal.de\/pl\/praca-tymczasowa-dla-firm\/\" class=\"elementor-icon elementor-animation-pulse-grow\" tabindex=\"-1\" aria-label=\"Zatrudnienie tymczasowe\">\n\t\t\t\t<i aria-hidden=\"true\" class=\"fas fa-user-friends\"><\/i>\t\t\t\t<\/a>\n\t\t\t<\/div>\n\t\t\t\n\t\t\t\t\t\t<div class=\"elementor-icon-box-content\">\n\n\t\t\t\t\t\t\t\t\t<h3 class=\"elementor-icon-box-title\">\n\t\t\t\t\t\t<a href=\"https:\/\/rtpersonal.de\/pl\/praca-tymczasowa-dla-firm\/\" >\n\t\t\t\t\t\t\tZatrudnienie tymczasowe\t\t\t\t\t\t<\/a>\n\t\t\t\t\t<\/h3>\n\t\t\t\t\n\t\t\t\t\t\t\t\t\t<p class=\"elementor-icon-box-description\">\n\t\t\t\t\t\tZapewniamy wykwalifikowany personel we w\u0142a\u015bciwym miejscu i czasie, zgodnie z wymaganiami klienta.\t\t\t\t\t<\/p>\n\t\t\t\t\n\t\t\t<\/div>\n\t\t\t\n\t\t<\/div>\n\t\t\t\t\t\t<\/div>\n\t\t\t\t<\/div>\n\t\t\t\t<div class=\"elementor-element elementor-element-db09823 elementor-align-center elementor-widget elementor-widget-button\" data-id=\"db09823\" data-element_type=\"widget\" data-widget_type=\"button.default\">\n\t\t\t\t<div class=\"elementor-widget-container\">\n\t\t\t\t\t\t\t\t\t<div class=\"elementor-button-wrapper\">\n\t\t\t\t\t<a class=\"elementor-button elementor-button-link elementor-size-sm\" href=\"https:\/\/rtpersonal.de\/pl\/praca-tymczasowa-dla-firm\/\">\n\t\t\t\t\t\t<span class=\"elementor-button-content-wrapper\">\n\t\t\t\t\t\t<span class=\"elementor-button-icon\">\n\t\t\t\t<i aria-hidden=\"true\" class=\"fas fa-arrow-right\"><\/i>\t\t\t<\/span>\n\t\t\t\t\t\t\t\t\t<span class=\"elementor-button-text\">Dowiedz si\u0119 wi\u0119cej<\/span>\n\t\t\t\t\t<\/span>\n\t\t\t\t\t<\/a>\n\t\t\t\t<\/div>\n\t\t\t\t\t\t\t\t<\/div>\n\t\t\t\t<\/div>\n\t\t\t\t\t<\/div>\n\t\t<\/div>\n\t\t\t\t<div class=\"elementor-column elementor-col-33 elementor-top-column elementor-element elementor-element-09ecc9f\" data-id=\"09ecc9f\" data-element_type=\"column\">\n\t\t\t<div class=\"elementor-widget-wrap elementor-element-populated\">\n\t\t\t\t\t\t<div class=\"elementor-element elementor-element-a565950 elementor-view-default elementor-position-top elementor-mobile-position-top elementor-widget elementor-widget-icon-box\" data-id=\"a565950\" data-element_type=\"widget\" data-widget_type=\"icon-box.default\">\n\t\t\t\t<div class=\"elementor-widget-container\">\n\t\t\t\t\t\t\t<div class=\"elementor-icon-box-wrapper\">\n\n\t\t\t\t\t\t<div class=\"elementor-icon-box-icon\">\n\t\t\t\t<a href=\"https:\/\/rtpersonal.de\/personaldienstleistungen\/fuer-unternehmen\/personalvermittlung-unternehmen\/\" class=\"elementor-icon elementor-animation-pulse-grow\" tabindex=\"-1\" aria-label=\"Agencja rekrutacyjna\">\n\t\t\t\t<i aria-hidden=\"true\" class=\"fas fa-user-plus\"><\/i>\t\t\t\t<\/a>\n\t\t\t<\/div>\n\t\t\t\n\t\t\t\t\t\t<div class=\"elementor-icon-box-content\">\n\n\t\t\t\t\t\t\t\t\t<h3 class=\"elementor-icon-box-title\">\n\t\t\t\t\t\t<a href=\"https:\/\/rtpersonal.de\/personaldienstleistungen\/fuer-unternehmen\/personalvermittlung-unternehmen\/\" >\n\t\t\t\t\t\t\tAgencja rekrutacyjna\t\t\t\t\t\t<\/a>\n\t\t\t\t\t<\/h3>\n\t\t\t\t\n\t\t\t\t\t\t\t\t\t<p class=\"elementor-icon-box-description\">\n\t\t\t\t\t\tOferujemy wydajnych i kompetentnych pracownik\u00f3w na stanowiska kierownicze i kluczowe.\t\t\t\t\t<\/p>\n\t\t\t\t\n\t\t\t<\/div>\n\t\t\t\n\t\t<\/div>\n\t\t\t\t\t\t<\/div>\n\t\t\t\t<\/div>\n\t\t\t\t<div class=\"elementor-element elementor-element-5bf6402 elementor-align-center elementor-widget elementor-widget-button\" data-id=\"5bf6402\" data-element_type=\"widget\" data-widget_type=\"button.default\">\n\t\t\t\t<div class=\"elementor-widget-container\">\n\t\t\t\t\t\t\t\t\t<div class=\"elementor-button-wrapper\">\n\t\t\t\t\t<a class=\"elementor-button elementor-button-link elementor-size-sm\" href=\"https:\/\/rtpersonal.de\/personaldienstleistungen\/fuer-unternehmen\/personalvermittlung-unternehmen\/\">\n\t\t\t\t\t\t<span class=\"elementor-button-content-wrapper\">\n\t\t\t\t\t\t<span class=\"elementor-button-icon\">\n\t\t\t\t<i aria-hidden=\"true\" class=\"fas fa-arrow-right\"><\/i>\t\t\t<\/span>\n\t\t\t\t\t\t\t\t\t<span class=\"elementor-button-text\">Dowiedz si\u0119 wi\u0119cej<\/span>\n\t\t\t\t\t<\/span>\n\t\t\t\t\t<\/a>\n\t\t\t\t<\/div>\n\t\t\t\t\t\t\t\t<\/div>\n\t\t\t\t<\/div>\n\t\t\t\t\t<\/div>\n\t\t<\/div>\n\t\t\t\t<div class=\"elementor-column elementor-col-33 elementor-top-column elementor-element elementor-element-29e6826\" data-id=\"29e6826\" data-element_type=\"column\">\n\t\t\t<div class=\"elementor-widget-wrap elementor-element-populated\">\n\t\t\t\t\t\t<div class=\"elementor-element elementor-element-68cd154 elementor-view-default elementor-position-top elementor-mobile-position-top elementor-widget elementor-widget-icon-box\" data-id=\"68cd154\" data-element_type=\"widget\" data-widget_type=\"icon-box.default\">\n\t\t\t\t<div class=\"elementor-widget-container\">\n\t\t\t\t\t\t\t<div class=\"elementor-icon-box-wrapper\">\n\n\t\t\t\t\t\t<div class=\"elementor-icon-box-icon\">\n\t\t\t\t<a href=\"https:\/\/rtpersonal.del\/tarifvertrag-mitgliedsbescheinigung\/\" class=\"elementor-icon elementor-animation-pulse-grow\" tabindex=\"-1\" aria-label=\"Uk\u0142ad zbiorowy pracy i za\u015bwiadczenie o cz\u0142onkostwie\">\n\t\t\t\t<i aria-hidden=\"true\" class=\"fas fa-file-contract\"><\/i>\t\t\t\t<\/a>\n\t\t\t<\/div>\n\t\t\t\n\t\t\t\t\t\t<div class=\"elementor-icon-box-content\">\n\n\t\t\t\t\t\t\t\t\t<h3 class=\"elementor-icon-box-title\">\n\t\t\t\t\t\t<a href=\"https:\/\/rtpersonal.del\/tarifvertrag-mitgliedsbescheinigung\/\" >\n\t\t\t\t\t\t\tUk\u0142ad zbiorowy pracy i za\u015bwiadczenie o cz\u0142onkostwie\t\t\t\t\t\t<\/a>\n\t\t\t\t\t<\/h3>\n\t\t\t\t\n\t\t\t\t\t\t\t\t\t<p class=\"elementor-icon-box-description\">\n\t\t\t\t\t\tKorzystamy wy\u0142\u0105cznie z uk\u0142adu zbiorowego Interessenverband Deutscher Zeitarbeitsunternehmen e.V. (iGZ).\t\t\t\t\t<\/p>\n\t\t\t\t\n\t\t\t<\/div>\n\t\t\t\n\t\t<\/div>\n\t\t\t\t\t\t<\/div>\n\t\t\t\t<\/div>\n\t\t\t\t<div class=\"elementor-element elementor-element-84e2906 elementor-align-center elementor-widget elementor-widget-button\" data-id=\"84e2906\" data-element_type=\"widget\" data-widget_type=\"button.default\">\n\t\t\t\t<div class=\"elementor-widget-container\">\n\t\t\t\t\t\t\t\t\t<div class=\"elementor-button-wrapper\">\n\t\t\t\t\t<a class=\"elementor-button elementor-button-link elementor-size-sm\" href=\"https:\/\/rtpersonal.de\/pl\/dla-firm\/uklad-zbiorowy-pracy-z-zaswiadczeniem-o-czlonkostwie\/\">\n\t\t\t\t\t\t<span class=\"elementor-button-content-wrapper\">\n\t\t\t\t\t\t<span class=\"elementor-button-icon\">\n\t\t\t\t<i aria-hidden=\"true\" class=\"fas fa-arrow-right\"><\/i>\t\t\t<\/span>\n\t\t\t\t\t\t\t\t\t<span class=\"elementor-button-text\">Dowiedz si\u0119 wi\u0119cej<\/span>\n\t\t\t\t\t<\/span>\n\t\t\t\t\t<\/a>\n\t\t\t\t<\/div>\n\t\t\t\t\t\t\t\t<\/div>\n\t\t\t\t<\/div>\n\t\t\t\t\t<\/div>\n\t\t<\/div>\n\t\t\t\t\t<\/div>\n\t\t<\/section>\n\t\t\t\t<section class=\"elementor-section elementor-top-section elementor-element elementor-element-804037f elementor-section-boxed elementor-section-height-default elementor-section-height-default\" data-id=\"804037f\" data-element_type=\"section\">\n\t\t\t\t\t\t<div class=\"elementor-container elementor-column-gap-default\">\n\t\t\t\t\t<div class=\"elementor-column elementor-col-100 elementor-top-column elementor-element elementor-element-745c383\" data-id=\"745c383\" data-element_type=\"column\">\n\t\t\t<div class=\"elementor-widget-wrap elementor-element-populated\">\n\t\t\t\t\t\t<div class=\"elementor-element elementor-element-7259 elementor-shape-square elementor-grid-1 elementor-fixed elementor-widget__width-auto e-grid-align-center elementor-widget elementor-widget-global elementor-global-8967 elementor-global-7259 elementor-widget-social-icons\" data-id=\"7259\" data-element_type=\"widget\" data-settings=\"{&quot;_position&quot;:&quot;fixed&quot;}\" data-widget_type=\"social-icons.default\">\n\t\t\t\t<div class=\"elementor-widget-container\">\n\t\t\t\t\t\t\t<div class=\"elementor-social-icons-wrapper elementor-grid\" role=\"list\">\n\t\t\t\t\t\t\t<span class=\"elementor-grid-item\" role=\"listitem\">\n\t\t\t\t\t<a class=\"elementor-icon elementor-social-icon elementor-social-icon-whatsapp elementor-animation-grow elementor-repeater-item-7bec18f\" href=\"https:\/\/wa.me\/4901706582887\" target=\"_blank\">\n\t\t\t\t\t\t<span class=\"elementor-screen-only\">Whatsapp<\/span>\n\t\t\t\t\t\t<i aria-hidden=\"true\" class=\"fab fa-whatsapp\"><\/i>\t\t\t\t\t<\/a>\n\t\t\t\t<\/span>\n\t\t\t\t\t\t\t<span class=\"elementor-grid-item\" role=\"listitem\">\n\t\t\t\t\t<a class=\"elementor-icon elementor-social-icon elementor-social-icon-facebook elementor-animation-grow elementor-repeater-item-7efced3\" href=\"https:\/\/www.facebook.com\/rtPersonal.GmbH\" target=\"_blank\">\n\t\t\t\t\t\t<span class=\"elementor-screen-only\">Facebook<\/span>\n\t\t\t\t\t\t<i aria-hidden=\"true\" class=\"fab fa-facebook\"><\/i>\t\t\t\t\t<\/a>\n\t\t\t\t<\/span>\n\t\t\t\t\t\t\t<span class=\"elementor-grid-item\" role=\"listitem\">\n\t\t\t\t\t<a class=\"elementor-icon elementor-social-icon elementor-social-icon-phone-alt elementor-animation-grow elementor-repeater-item-7f32ee9\" href=\"tel:+4978219936100\" target=\"_blank\">\n\t\t\t\t\t\t<span class=\"elementor-screen-only\">Phone-alt<\/span>\n\t\t\t\t\t\t<i aria-hidden=\"true\" class=\"fas fa-phone-alt\"><\/i>\t\t\t\t\t<\/a>\n\t\t\t\t<\/span>\n\t\t\t\t\t<\/div>\n\t\t\t\t\t\t<\/div>\n\t\t\t\t<\/div>\n\t\t\t\t\t<\/div>\n\t\t<\/div>\n\t\t\t\t\t<\/div>\n\t\t<\/section>\n\t\t\t\t<\/div>\n\t\t","protected":false},"excerpt":{"rendered":"<p>Dla firm Nasze us\u0142ugi dla Twojej firmy Skorzystaj z wielu zalet pracy tymczasowej i rekrutacji z nami. Skontaktuj si\u0119 teraz Zatrudnienie tymczasowe Zapewniamy wykwalifikowany personel we w\u0142a\u015bciwym miejscu i czasie, zgodnie z wymaganiami klienta. Dowiedz si\u0119 wi\u0119cej Agencja rekrutacyjna Oferujemy wydajnych i kompetentnych pracownik\u00f3w na stanowiska kierownicze i kluczowe. Dowiedz si\u0119 wi\u0119cej Uk\u0142ad zbiorowy pracy [&hellip;]<\/p>\n","protected":false},"author":8,"featured_media":0,"parent":8432,"menu_order":0,"comment_status":"closed","ping_status":"closed","template":"","meta":{"footnotes":""},"class_list":["post-7721","page","type-page","status-publish","hentry","wpbf-post"],"yoast_head":"<!-- This site is optimized with the Yoast SEO plugin v26.5 - https:\/\/yoast.com\/wordpress\/plugins\/seo\/ -->\n<title>Informacje dla firm - rt Personal<\/title>\n<meta name=\"description\" content=\"Dla firm rt Personal oferuje us\u0142ugi rekrutacyjne zgodnie z uk\u0142adami zbiorowymi pracy. Zapewniamy wykwalifikowany personel zgodnie z wymaganiami klienta.\" \/>\n<meta name=\"robots\" content=\"index, follow, max-snippet:-1, max-image-preview:large, max-video-preview:-1\" \/>\n<link rel=\"canonical\" href=\"https:\/\/rtpersonal.de\/pl\/uslugi-kadrowe\/dla-firm\/\" \/>\n<meta name=\"twitter:card\" content=\"summary_large_image\" \/>\n<meta name=\"twitter:title\" content=\"Informacje dla firm - rt Personal\" \/>\n<meta name=\"twitter:description\" content=\"Dla firm rt Personal oferuje us\u0142ugi rekrutacyjne zgodnie z uk\u0142adami zbiorowymi pracy. Zapewniamy wykwalifikowany personel zgodnie z wymaganiami klienta.\" \/>\n<meta name=\"twitter:image\" content=\"https:\/\/rtpersonal.de\/wp-content\/uploads\/2019\/08\/fuer-unternehmen.jpg\" \/>\n<script type=\"application\/ld+json\" class=\"yoast-schema-graph\">{\"@context\":\"https:\/\/schema.org\",\"@graph\":[{\"@type\":\"WebPage\",\"@id\":\"https:\/\/rtpersonal.de\/pl\/uslugi-kadrowe\/dla-firm\/\",\"url\":\"https:\/\/rtpersonal.de\/pl\/uslugi-kadrowe\/dla-firm\/\",\"name\":\"Informacje dla firm - rt Personal\",\"isPartOf\":{\"@id\":\"https:\/\/rtpersonal.de\/pl\/#website\"},\"primaryImageOfPage\":{\"@id\":\"https:\/\/rtpersonal.de\/pl\/uslugi-kadrowe\/dla-firm\/#primaryimage\"},\"image\":{\"@id\":\"https:\/\/rtpersonal.de\/pl\/uslugi-kadrowe\/dla-firm\/#primaryimage\"},\"thumbnailUrl\":\"https:\/\/rtpersonal.de\/wp-content\/uploads\/2019\/08\/fuer-unternehmen.jpg\",\"datePublished\":\"2015-09-04T08:01:24+00:00\",\"dateModified\":\"2023-11-21T21:52:57+00:00\",\"description\":\"Dla firm rt Personal oferuje us\u0142ugi rekrutacyjne zgodnie z uk\u0142adami zbiorowymi pracy. Zapewniamy wykwalifikowany personel zgodnie z wymaganiami klienta.\",\"breadcrumb\":{\"@id\":\"https:\/\/rtpersonal.de\/pl\/uslugi-kadrowe\/dla-firm\/#breadcrumb\"},\"inLanguage\":\"pl-PL\",\"potentialAction\":[{\"@type\":\"ReadAction\",\"target\":[\"https:\/\/rtpersonal.de\/pl\/uslugi-kadrowe\/dla-firm\/\"]}]},{\"@type\":\"ImageObject\",\"inLanguage\":\"pl-PL\",\"@id\":\"https:\/\/rtpersonal.de\/pl\/uslugi-kadrowe\/dla-firm\/#primaryimage\",\"url\":\"https:\/\/rtpersonal.de\/wp-content\/uploads\/2019\/08\/fuer-unternehmen.jpg\",\"contentUrl\":\"https:\/\/rtpersonal.de\/wp-content\/uploads\/2019\/08\/fuer-unternehmen.jpg\"},{\"@type\":\"BreadcrumbList\",\"@id\":\"https:\/\/rtpersonal.de\/pl\/uslugi-kadrowe\/dla-firm\/#breadcrumb\",\"itemListElement\":[{\"@type\":\"ListItem\",\"position\":1,\"name\":\"Startseite\",\"item\":\"https:\/\/rtpersonal.de\/pl\/\"},{\"@type\":\"ListItem\",\"position\":2,\"name\":\"Dla firm\"}]},{\"@type\":\"WebSite\",\"@id\":\"https:\/\/rtpersonal.de\/pl\/#website\",\"url\":\"https:\/\/rtpersonal.de\/pl\/\",\"name\":\"rt Personal\",\"description\":\"Ihr Partner f\u00fcr Zeitarbeit, Leiharbeit &amp; Personalvermittlung\",\"publisher\":{\"@id\":\"https:\/\/rtpersonal.de\/pl\/#organization\"},\"potentialAction\":[{\"@type\":\"SearchAction\",\"target\":{\"@type\":\"EntryPoint\",\"urlTemplate\":\"https:\/\/rtpersonal.de\/pl\/?s={search_term_string}\"},\"query-input\":{\"@type\":\"PropertyValueSpecification\",\"valueRequired\":true,\"valueName\":\"search_term_string\"}}],\"inLanguage\":\"pl-PL\"},{\"@type\":\"Organization\",\"@id\":\"https:\/\/rtpersonal.de\/pl\/#organization\",\"name\":\"rt Personal\",\"url\":\"https:\/\/rtpersonal.de\/pl\/\",\"logo\":{\"@type\":\"ImageObject\",\"inLanguage\":\"pl-PL\",\"@id\":\"https:\/\/rtpersonal.de\/pl\/#\/schema\/logo\/image\/\",\"url\":\"https:\/\/rtpersonal.de\/wp-content\/uploads\/2019\/08\/logo_gross.png\",\"contentUrl\":\"https:\/\/rtpersonal.de\/wp-content\/uploads\/2019\/08\/logo_gross.png\",\"width\":582,\"height\":146,\"caption\":\"rt Personal\"},\"image\":{\"@id\":\"https:\/\/rtpersonal.de\/pl\/#\/schema\/logo\/image\/\"}}]}<\/script>\n<!-- \/ Yoast SEO plugin. -->","yoast_head_json":{"title":"Informacje dla firm - rt Personal","description":"Dla firm rt Personal oferuje us\u0142ugi rekrutacyjne zgodnie z uk\u0142adami zbiorowymi pracy. Zapewniamy wykwalifikowany personel zgodnie z wymaganiami klienta.","robots":{"index":"index","follow":"follow","max-snippet":"max-snippet:-1","max-image-preview":"max-image-preview:large","max-video-preview":"max-video-preview:-1"},"canonical":"https:\/\/rtpersonal.de\/pl\/uslugi-kadrowe\/dla-firm\/","twitter_card":"summary_large_image","twitter_title":"Informacje dla firm - rt Personal","twitter_description":"Dla firm rt Personal oferuje us\u0142ugi rekrutacyjne zgodnie z uk\u0142adami zbiorowymi pracy. Zapewniamy wykwalifikowany personel zgodnie z wymaganiami klienta.","twitter_image":"https:\/\/rtpersonal.de\/wp-content\/uploads\/2019\/08\/fuer-unternehmen.jpg","schema":{"@context":"https:\/\/schema.org","@graph":[{"@type":"WebPage","@id":"https:\/\/rtpersonal.de\/pl\/uslugi-kadrowe\/dla-firm\/","url":"https:\/\/rtpersonal.de\/pl\/uslugi-kadrowe\/dla-firm\/","name":"Informacje dla firm - rt Personal","isPartOf":{"@id":"https:\/\/rtpersonal.de\/pl\/#website"},"primaryImageOfPage":{"@id":"https:\/\/rtpersonal.de\/pl\/uslugi-kadrowe\/dla-firm\/#primaryimage"},"image":{"@id":"https:\/\/rtpersonal.de\/pl\/uslugi-kadrowe\/dla-firm\/#primaryimage"},"thumbnailUrl":"https:\/\/rtpersonal.de\/wp-content\/uploads\/2019\/08\/fuer-unternehmen.jpg","datePublished":"2015-09-04T08:01:24+00:00","dateModified":"2023-11-21T21:52:57+00:00","description":"Dla firm rt Personal oferuje us\u0142ugi rekrutacyjne zgodnie z uk\u0142adami zbiorowymi pracy. Zapewniamy wykwalifikowany personel zgodnie z wymaganiami klienta.","breadcrumb":{"@id":"https:\/\/rtpersonal.de\/pl\/uslugi-kadrowe\/dla-firm\/#breadcrumb"},"inLanguage":"pl-PL","potentialAction":[{"@type":"ReadAction","target":["https:\/\/rtpersonal.de\/pl\/uslugi-kadrowe\/dla-firm\/"]}]},{"@type":"ImageObject","inLanguage":"pl-PL","@id":"https:\/\/rtpersonal.de\/pl\/uslugi-kadrowe\/dla-firm\/#primaryimage","url":"https:\/\/rtpersonal.de\/wp-content\/uploads\/2019\/08\/fuer-unternehmen.jpg","contentUrl":"https:\/\/rtpersonal.de\/wp-content\/uploads\/2019\/08\/fuer-unternehmen.jpg"},{"@type":"BreadcrumbList","@id":"https:\/\/rtpersonal.de\/pl\/uslugi-kadrowe\/dla-firm\/#breadcrumb","itemListElement":[{"@type":"ListItem","position":1,"name":"Startseite","item":"https:\/\/rtpersonal.de\/pl\/"},{"@type":"ListItem","position":2,"name":"Dla firm"}]},{"@type":"WebSite","@id":"https:\/\/rtpersonal.de\/pl\/#website","url":"https:\/\/rtpersonal.de\/pl\/","name":"rt Personal","description":"Ihr Partner f\u00fcr Zeitarbeit, Leiharbeit &amp; Personalvermittlung","publisher":{"@id":"https:\/\/rtpersonal.de\/pl\/#organization"},"potentialAction":[{"@type":"SearchAction","target":{"@type":"EntryPoint","urlTemplate":"https:\/\/rtpersonal.de\/pl\/?s={search_term_string}"},"query-input":{"@type":"PropertyValueSpecification","valueRequired":true,"valueName":"search_term_string"}}],"inLanguage":"pl-PL"},{"@type":"Organization","@id":"https:\/\/rtpersonal.de\/pl\/#organization","name":"rt Personal","url":"https:\/\/rtpersonal.de\/pl\/","logo":{"@type":"ImageObject","inLanguage":"pl-PL","@id":"https:\/\/rtpersonal.de\/pl\/#\/schema\/logo\/image\/","url":"https:\/\/rtpersonal.de\/wp-content\/uploads\/2019\/08\/logo_gross.png","contentUrl":"https:\/\/rtpersonal.de\/wp-content\/uploads\/2019\/08\/logo_gross.png","width":582,"height":146,"caption":"rt Personal"},"image":{"@id":"https:\/\/rtpersonal.de\/pl\/#\/schema\/logo\/image\/"}}]}},"_links":{"self":[{"href":"https:\/\/rtpersonal.de\/pl\/wp-json\/wp\/v2\/pages\/7721","targetHints":{"allow":["GET"]}}],"collection":[{"href":"https:\/\/rtpersonal.de\/pl\/wp-json\/wp\/v2\/pages"}],"about":[{"href":"https:\/\/rtpersonal.de\/pl\/wp-json\/wp\/v2\/types\/page"}],"author":[{"embeddable":true,"href":"https:\/\/rtpersonal.de\/pl\/wp-json\/wp\/v2\/users\/8"}],"replies":[{"embeddable":true,"href":"https:\/\/rtpersonal.de\/pl\/wp-json\/wp\/v2\/comments?post=7721"}],"version-history":[{"count":3,"href":"https:\/\/rtpersonal.de\/pl\/wp-json\/wp\/v2\/pages\/7721\/revisions"}],"predecessor-version":[{"id":7887,"href":"https:\/\/rtpersonal.de\/pl\/wp-json\/wp\/v2\/pages\/7721\/revisions\/7887"}],"up":[{"embeddable":true,"href":"https:\/\/rtpersonal.de\/pl\/wp-json\/wp\/v2\/pages\/8432"}],"wp:attachment":[{"href":"https:\/\/rtpersonal.de\/pl\/wp-json\/wp\/v2\/media?parent=7721"}],"curies":[{"name":"wp","href":"https:\/\/api.w.org\/{rel}","templated":true}]}}