{"id":8504,"date":"2023-09-28T00:32:32","date_gmt":"2023-09-27T22:32:32","guid":{"rendered":"https:\/\/rtpersonal.de\/dziekuje\/"},"modified":"2023-11-22T00:02:57","modified_gmt":"2023-11-21T22:02:57","slug":"dziekuje","status":"publish","type":"page","link":"https:\/\/rtpersonal.de\/pl\/dziekuje\/","title":{"rendered":"Dzi\u0119kuj\u0119"},"content":{"rendered":"\t\t<div data-elementor-type=\"wp-page\" data-elementor-id=\"8504\" class=\"elementor elementor-8504 elementor-6602\" data-elementor-post-type=\"page\">\n\t\t\t\t\t\t<section class=\"elementor-section elementor-top-section elementor-element elementor-element-c89d2f2 elementor-section-boxed elementor-section-height-default elementor-section-height-default\" data-id=\"c89d2f2\" data-element_type=\"section\">\n\t\t\t\t\t\t<div class=\"elementor-container elementor-column-gap-default\">\n\t\t\t\t\t<div class=\"elementor-column elementor-col-100 elementor-top-column elementor-element elementor-element-0b457aa\" data-id=\"0b457aa\" data-element_type=\"column\">\n\t\t\t<div class=\"elementor-widget-wrap elementor-element-populated\">\n\t\t\t\t\t\t<div class=\"elementor-element elementor-element-c5cd299 elementor-view-default elementor-position-top elementor-mobile-position-top elementor-widget elementor-widget-icon-box\" data-id=\"c5cd299\" data-element_type=\"widget\" data-widget_type=\"icon-box.default\">\n\t\t\t\t<div class=\"elementor-widget-container\">\n\t\t\t\t\t\t\t<div class=\"elementor-icon-box-wrapper\">\n\n\t\t\t\t\t\t<div class=\"elementor-icon-box-icon\">\n\t\t\t\t<span  class=\"elementor-icon\">\n\t\t\t\t<i aria-hidden=\"true\" class=\"fas fa-check\"><\/i>\t\t\t\t<\/span>\n\t\t\t<\/div>\n\t\t\t\n\t\t\t\t\t\t<div class=\"elementor-icon-box-content\">\n\n\t\t\t\t\t\t\t\t\t<h3 class=\"elementor-icon-box-title\">\n\t\t\t\t\t\t<span  >\n\t\t\t\t\t\t\tDzi\u0119kujemy za zg\u0142oszenie.\t\t\t\t\t\t<\/span>\n\t\t\t\t\t<\/h3>\n\t\t\t\t\n\t\t\t\t\t\t\t\t\t<p class=\"elementor-icon-box-description\">\n\t\t\t\t\t\tSkontaktujemy si\u0119 z Tob\u0105 tak szybko, jak to mo\u017cliwe!\t\t\t\t\t<\/p>\n\t\t\t\t\n\t\t\t<\/div>\n\t\t\t\n\t\t<\/div>\n\t\t\t\t\t\t<\/div>\n\t\t\t\t<\/div>\n\t\t\t\t\t<\/div>\n\t\t<\/div>\n\t\t\t\t\t<\/div>\n\t\t<\/section>\n\t\t\t\t<section class=\"elementor-section elementor-top-section elementor-element elementor-element-ec825f7 elementor-section-boxed elementor-section-height-default elementor-section-height-default\" data-id=\"ec825f7\" data-element_type=\"section\">\n\t\t\t\t\t\t<div class=\"elementor-container elementor-column-gap-default\">\n\t\t\t\t\t<div class=\"elementor-column elementor-col-100 elementor-top-column elementor-element elementor-element-7e18602\" data-id=\"7e18602\" data-element_type=\"column\">\n\t\t\t<div class=\"elementor-widget-wrap elementor-element-populated\">\n\t\t\t\t\t\t<div class=\"elementor-element elementor-element-7259 elementor-shape-square elementor-grid-1 elementor-fixed elementor-widget__width-auto e-grid-align-center elementor-widget elementor-widget-global elementor-global-8967 elementor-global-7259 elementor-widget-social-icons\" data-id=\"7259\" data-element_type=\"widget\" data-settings=\"{&quot;_position&quot;:&quot;fixed&quot;}\" data-widget_type=\"social-icons.default\">\n\t\t\t\t<div class=\"elementor-widget-container\">\n\t\t\t\t\t\t\t<div class=\"elementor-social-icons-wrapper elementor-grid\" role=\"list\">\n\t\t\t\t\t\t\t<span class=\"elementor-grid-item\" role=\"listitem\">\n\t\t\t\t\t<a class=\"elementor-icon elementor-social-icon elementor-social-icon-whatsapp elementor-animation-grow elementor-repeater-item-7bec18f\" href=\"https:\/\/wa.me\/4901706582887\" target=\"_blank\">\n\t\t\t\t\t\t<span class=\"elementor-screen-only\">Whatsapp<\/span>\n\t\t\t\t\t\t<i aria-hidden=\"true\" class=\"fab fa-whatsapp\"><\/i>\t\t\t\t\t<\/a>\n\t\t\t\t<\/span>\n\t\t\t\t\t\t\t<span class=\"elementor-grid-item\" role=\"listitem\">\n\t\t\t\t\t<a class=\"elementor-icon elementor-social-icon elementor-social-icon-facebook elementor-animation-grow elementor-repeater-item-7efced3\" href=\"https:\/\/www.facebook.com\/rtPersonal.GmbH\" target=\"_blank\">\n\t\t\t\t\t\t<span class=\"elementor-screen-only\">Facebook<\/span>\n\t\t\t\t\t\t<i aria-hidden=\"true\" class=\"fab fa-facebook\"><\/i>\t\t\t\t\t<\/a>\n\t\t\t\t<\/span>\n\t\t\t\t\t\t\t<span class=\"elementor-grid-item\" role=\"listitem\">\n\t\t\t\t\t<a class=\"elementor-icon elementor-social-icon elementor-social-icon-phone-alt elementor-animation-grow elementor-repeater-item-7f32ee9\" href=\"tel:+4978219936100\" target=\"_blank\">\n\t\t\t\t\t\t<span class=\"elementor-screen-only\">Phone-alt<\/span>\n\t\t\t\t\t\t<i aria-hidden=\"true\" class=\"fas fa-phone-alt\"><\/i>\t\t\t\t\t<\/a>\n\t\t\t\t<\/span>\n\t\t\t\t\t<\/div>\n\t\t\t\t\t\t<\/div>\n\t\t\t\t<\/div>\n\t\t\t\t\t<\/div>\n\t\t<\/div>\n\t\t\t\t\t<\/div>\n\t\t<\/section>\n\t\t\t\t<\/div>\n\t\t","protected":false},"excerpt":{"rendered":"<p>Dzi\u0119kujemy za zg\u0142oszenie. Skontaktujemy si\u0119 z Tob\u0105 tak szybko, jak to mo\u017cliwe! Whatsapp Facebook Phone-alt<\/p>\n","protected":false},"author":11,"featured_media":0,"parent":0,"menu_order":0,"comment_status":"closed","ping_status":"closed","template":"","meta":{"footnotes":""},"class_list":["post-8504","page","type-page","status-publish","hentry","wpbf-post"],"yoast_head":"<!-- This site is optimized with the Yoast SEO plugin v26.5 - https:\/\/yoast.com\/wordpress\/plugins\/seo\/ -->\n<title>Dzi\u0119kuj\u0119 - rt Personal<\/title>\n<meta name=\"robots\" content=\"index, follow, max-snippet:-1, max-image-preview:large, max-video-preview:-1\" \/>\n<link rel=\"canonical\" href=\"https:\/\/rtpersonal.de\/pl\/dziekuje\/\" \/>\n<meta name=\"twitter:card\" content=\"summary_large_image\" \/>\n<meta name=\"twitter:title\" content=\"Dzi\u0119kuj\u0119 - rt Personal\" \/>\n<meta name=\"twitter:description\" content=\"Dzi\u0119kujemy za zg\u0142oszenie. Skontaktujemy si\u0119 z Tob\u0105 tak szybko, jak to mo\u017cliwe! Whatsapp Facebook Phone-alt\" \/>\n<script type=\"application\/ld+json\" class=\"yoast-schema-graph\">{\"@context\":\"https:\/\/schema.org\",\"@graph\":[{\"@type\":\"WebPage\",\"@id\":\"https:\/\/rtpersonal.de\/pl\/dziekuje\/\",\"url\":\"https:\/\/rtpersonal.de\/pl\/dziekuje\/\",\"name\":\"Dzi\u0119kuj\u0119 - rt Personal\",\"isPartOf\":{\"@id\":\"https:\/\/rtpersonal.de\/pl\/#website\"},\"datePublished\":\"2023-09-27T22:32:32+00:00\",\"dateModified\":\"2023-11-21T22:02:57+00:00\",\"breadcrumb\":{\"@id\":\"https:\/\/rtpersonal.de\/pl\/dziekuje\/#breadcrumb\"},\"inLanguage\":\"pl-PL\",\"potentialAction\":[{\"@type\":\"ReadAction\",\"target\":[\"https:\/\/rtpersonal.de\/pl\/dziekuje\/\"]}]},{\"@type\":\"BreadcrumbList\",\"@id\":\"https:\/\/rtpersonal.de\/pl\/dziekuje\/#breadcrumb\",\"itemListElement\":[{\"@type\":\"ListItem\",\"position\":1,\"name\":\"Startseite\",\"item\":\"https:\/\/rtpersonal.de\/pl\/\"},{\"@type\":\"ListItem\",\"position\":2,\"name\":\"Dzi\u0119kuj\u0119\"}]},{\"@type\":\"WebSite\",\"@id\":\"https:\/\/rtpersonal.de\/pl\/#website\",\"url\":\"https:\/\/rtpersonal.de\/pl\/\",\"name\":\"rt Personal\",\"description\":\"Ihr Partner f\u00fcr Zeitarbeit, Leiharbeit &amp; Personalvermittlung\",\"publisher\":{\"@id\":\"https:\/\/rtpersonal.de\/pl\/#organization\"},\"potentialAction\":[{\"@type\":\"SearchAction\",\"target\":{\"@type\":\"EntryPoint\",\"urlTemplate\":\"https:\/\/rtpersonal.de\/pl\/?s={search_term_string}\"},\"query-input\":{\"@type\":\"PropertyValueSpecification\",\"valueRequired\":true,\"valueName\":\"search_term_string\"}}],\"inLanguage\":\"pl-PL\"},{\"@type\":\"Organization\",\"@id\":\"https:\/\/rtpersonal.de\/pl\/#organization\",\"name\":\"rt Personal\",\"url\":\"https:\/\/rtpersonal.de\/pl\/\",\"logo\":{\"@type\":\"ImageObject\",\"inLanguage\":\"pl-PL\",\"@id\":\"https:\/\/rtpersonal.de\/pl\/#\/schema\/logo\/image\/\",\"url\":\"https:\/\/rtpersonal.de\/wp-content\/uploads\/2019\/08\/logo_gross.png\",\"contentUrl\":\"https:\/\/rtpersonal.de\/wp-content\/uploads\/2019\/08\/logo_gross.png\",\"width\":582,\"height\":146,\"caption\":\"rt Personal\"},\"image\":{\"@id\":\"https:\/\/rtpersonal.de\/pl\/#\/schema\/logo\/image\/\"}}]}<\/script>\n<!-- \/ Yoast SEO plugin. -->","yoast_head_json":{"title":"Dzi\u0119kuj\u0119 - rt Personal","robots":{"index":"index","follow":"follow","max-snippet":"max-snippet:-1","max-image-preview":"max-image-preview:large","max-video-preview":"max-video-preview:-1"},"canonical":"https:\/\/rtpersonal.de\/pl\/dziekuje\/","twitter_card":"summary_large_image","twitter_title":"Dzi\u0119kuj\u0119 - rt Personal","twitter_description":"Dzi\u0119kujemy za zg\u0142oszenie. Skontaktujemy si\u0119 z Tob\u0105 tak szybko, jak to mo\u017cliwe! Whatsapp Facebook Phone-alt","schema":{"@context":"https:\/\/schema.org","@graph":[{"@type":"WebPage","@id":"https:\/\/rtpersonal.de\/pl\/dziekuje\/","url":"https:\/\/rtpersonal.de\/pl\/dziekuje\/","name":"Dzi\u0119kuj\u0119 - rt Personal","isPartOf":{"@id":"https:\/\/rtpersonal.de\/pl\/#website"},"datePublished":"2023-09-27T22:32:32+00:00","dateModified":"2023-11-21T22:02:57+00:00","breadcrumb":{"@id":"https:\/\/rtpersonal.de\/pl\/dziekuje\/#breadcrumb"},"inLanguage":"pl-PL","potentialAction":[{"@type":"ReadAction","target":["https:\/\/rtpersonal.de\/pl\/dziekuje\/"]}]},{"@type":"BreadcrumbList","@id":"https:\/\/rtpersonal.de\/pl\/dziekuje\/#breadcrumb","itemListElement":[{"@type":"ListItem","position":1,"name":"Startseite","item":"https:\/\/rtpersonal.de\/pl\/"},{"@type":"ListItem","position":2,"name":"Dzi\u0119kuj\u0119"}]},{"@type":"WebSite","@id":"https:\/\/rtpersonal.de\/pl\/#website","url":"https:\/\/rtpersonal.de\/pl\/","name":"rt Personal","description":"Ihr Partner f\u00fcr Zeitarbeit, Leiharbeit &amp; Personalvermittlung","publisher":{"@id":"https:\/\/rtpersonal.de\/pl\/#organization"},"potentialAction":[{"@type":"SearchAction","target":{"@type":"EntryPoint","urlTemplate":"https:\/\/rtpersonal.de\/pl\/?s={search_term_string}"},"query-input":{"@type":"PropertyValueSpecification","valueRequired":true,"valueName":"search_term_string"}}],"inLanguage":"pl-PL"},{"@type":"Organization","@id":"https:\/\/rtpersonal.de\/pl\/#organization","name":"rt Personal","url":"https:\/\/rtpersonal.de\/pl\/","logo":{"@type":"ImageObject","inLanguage":"pl-PL","@id":"https:\/\/rtpersonal.de\/pl\/#\/schema\/logo\/image\/","url":"https:\/\/rtpersonal.de\/wp-content\/uploads\/2019\/08\/logo_gross.png","contentUrl":"https:\/\/rtpersonal.de\/wp-content\/uploads\/2019\/08\/logo_gross.png","width":582,"height":146,"caption":"rt Personal"},"image":{"@id":"https:\/\/rtpersonal.de\/pl\/#\/schema\/logo\/image\/"}}]}},"_links":{"self":[{"href":"https:\/\/rtpersonal.de\/pl\/wp-json\/wp\/v2\/pages\/8504","targetHints":{"allow":["GET"]}}],"collection":[{"href":"https:\/\/rtpersonal.de\/pl\/wp-json\/wp\/v2\/pages"}],"about":[{"href":"https:\/\/rtpersonal.de\/pl\/wp-json\/wp\/v2\/types\/page"}],"author":[{"embeddable":true,"href":"https:\/\/rtpersonal.de\/pl\/wp-json\/wp\/v2\/users\/11"}],"replies":[{"embeddable":true,"href":"https:\/\/rtpersonal.de\/pl\/wp-json\/wp\/v2\/comments?post=8504"}],"version-history":[{"count":1,"href":"https:\/\/rtpersonal.de\/pl\/wp-json\/wp\/v2\/pages\/8504\/revisions"}],"predecessor-version":[{"id":8525,"href":"https:\/\/rtpersonal.de\/pl\/wp-json\/wp\/v2\/pages\/8504\/revisions\/8525"}],"wp:attachment":[{"href":"https:\/\/rtpersonal.de\/pl\/wp-json\/wp\/v2\/media?parent=8504"}],"curies":[{"name":"wp","href":"https:\/\/api.w.org\/{rel}","templated":true}]}}