{"id":7604,"date":"2014-08-29T02:09:43","date_gmt":"2014-08-29T00:09:43","guid":{"rendered":"https:\/\/rtpersonal.de\/contactati-ne\/"},"modified":"2025-01-03T23:54:53","modified_gmt":"2025-01-03T21:54:53","slug":"contactati-ne","status":"publish","type":"page","link":"https:\/\/rtpersonal.de\/ro\/contactati-ne\/","title":{"rendered":"Contacta\u021bi-ne"},"content":{"rendered":"\t\t<div data-elementor-type=\"wp-post\" data-elementor-id=\"7604\" class=\"elementor elementor-7604 elementor-35\" data-elementor-post-type=\"page\">\n\t\t\t\t\t\t<section class=\"elementor-section elementor-top-section elementor-element elementor-element-8ccbf33 elementor-section-content-middle elementor-section-boxed elementor-section-height-default elementor-section-height-default\" data-id=\"8ccbf33\" data-element_type=\"section\" data-settings=\"{&quot;shape_divider_bottom&quot;:&quot;pyramids&quot;,&quot;shape_divider_bottom_negative&quot;:&quot;yes&quot;}\">\n\t\t\t\t\t<div class=\"elementor-shape elementor-shape-bottom\" aria-hidden=\"true\" data-negative=\"true\">\n\t\t\t<svg xmlns=\"http:\/\/www.w3.org\/2000\/svg\" viewBox=\"0 0 1000 100\" preserveAspectRatio=\"none\">\n\t<path class=\"elementor-shape-fill\" d=\"M761.9,40.6L643.1,24L333.9,93.8L0.1,1H0v99h1000V1\"\/>\n<\/svg>\t\t<\/div>\n\t\t\t\t\t<div class=\"elementor-container elementor-column-gap-default\">\n\t\t\t\t\t<div class=\"elementor-column elementor-col-50 elementor-top-column elementor-element elementor-element-95148c7\" data-id=\"95148c7\" data-element_type=\"column\">\n\t\t\t<div class=\"elementor-widget-wrap elementor-element-populated\">\n\t\t\t\t\t\t<div class=\"elementor-element elementor-element-b8a8974 elementor-widget elementor-widget-heading\" data-id=\"b8a8974\" data-element_type=\"widget\" data-widget_type=\"heading.default\">\n\t\t\t\t<div class=\"elementor-widget-container\">\n\t\t\t\t\t<p class=\"elementor-heading-title elementor-size-default\">Contacta\u021bi-ne<\/p>\t\t\t\t<\/div>\n\t\t\t\t<\/div>\n\t\t\t\t<div class=\"elementor-element elementor-element-55652af elementor-widget-divider--view-line elementor-widget elementor-widget-divider\" data-id=\"55652af\" data-element_type=\"widget\" data-widget_type=\"divider.default\">\n\t\t\t\t<div class=\"elementor-widget-container\">\n\t\t\t\t\t\t\t<div class=\"elementor-divider\">\n\t\t\t<span class=\"elementor-divider-separator\">\n\t\t\t\t\t\t<\/span>\n\t\t<\/div>\n\t\t\t\t\t\t<\/div>\n\t\t\t\t<\/div>\n\t\t\t\t<div class=\"elementor-element elementor-element-014d7dd elementor-widget elementor-widget-heading\" data-id=\"014d7dd\" data-element_type=\"widget\" data-widget_type=\"heading.default\">\n\t\t\t\t<div class=\"elementor-widget-container\">\n\t\t\t\t\t<h1 class=\"elementor-heading-title elementor-size-default\">Lua\u021bi leg\u0103tura acum<\/h1>\t\t\t\t<\/div>\n\t\t\t\t<\/div>\n\t\t\t\t<div class=\"elementor-element elementor-element-ce313ff elementor-button-align-start elementor-widget elementor-widget-form\" data-id=\"ce313ff\" data-element_type=\"widget\" data-settings=\"{&quot;step_next_label&quot;:&quot;Urm\\u0103torul&quot;,&quot;step_previous_label&quot;:&quot;Anterior&quot;,&quot;button_width&quot;:&quot;100&quot;,&quot;step_type&quot;:&quot;number_text&quot;,&quot;step_icon_shape&quot;:&quot;circle&quot;}\" data-widget_type=\"form.default\">\n\t\t\t\t<div class=\"elementor-widget-container\">\n\t\t\t\t\t\t\t<form class=\"elementor-form\" method=\"post\" name=\"Formular nou\" aria-label=\"Formular nou\">\n\t\t\t<input type=\"hidden\" name=\"post_id\" value=\"7604\"\/>\n\t\t\t<input type=\"hidden\" name=\"form_id\" value=\"ce313ff\"\/>\n\t\t\t<input type=\"hidden\" name=\"referer_title\" value=\"Lua\u021bi leg\u0103tura cu noi - rt Personal\" \/>\n\n\t\t\t\t\t\t\t<input type=\"hidden\" name=\"queried_id\" value=\"7604\"\/>\n\t\t\t\n\t\t\t<div class=\"elementor-form-fields-wrapper elementor-labels-above\">\n\t\t\t\t\t\t\t\t<div class=\"elementor-field-type-text elementor-field-group elementor-column elementor-field-group-field_1 elementor-col-50 elementor-field-required elementor-mark-required\">\n\t\t\t\t\t\t\t\t\t\t\t\t<label for=\"form-field-field_1\" class=\"elementor-field-label\">\n\t\t\t\t\t\t\t\tNume\t\t\t\t\t\t\t<\/label>\n\t\t\t\t\t\t\t\t\t\t\t\t\t\t<input size=\"1\" type=\"text\" name=\"form_fields[field_1]\" id=\"form-field-field_1\" class=\"elementor-field elementor-size-sm  elementor-field-textual\" placeholder=\"Nume\" required=\"required\">\n\t\t\t\t\t\t\t\t\t\t\t<\/div>\n\t\t\t\t\t\t\t\t<div class=\"elementor-field-type-email elementor-field-group elementor-column elementor-field-group-field_2 elementor-col-50 elementor-field-required elementor-mark-required\">\n\t\t\t\t\t\t\t\t\t\t\t\t<label for=\"form-field-field_2\" class=\"elementor-field-label\">\n\t\t\t\t\t\t\t\tAdresa de e-mail\t\t\t\t\t\t\t<\/label>\n\t\t\t\t\t\t\t\t\t\t\t\t\t\t<input size=\"1\" type=\"email\" name=\"form_fields[field_2]\" id=\"form-field-field_2\" class=\"elementor-field elementor-size-sm  elementor-field-textual\" placeholder=\"e-mail\" required=\"required\">\n\t\t\t\t\t\t\t\t\t\t\t<\/div>\n\t\t\t\t\t\t\t\t<div class=\"elementor-field-type-textarea elementor-field-group elementor-column elementor-field-group-field_3 elementor-col-100 elementor-field-required elementor-mark-required\">\n\t\t\t\t\t\t\t\t\t\t\t\t<label for=\"form-field-field_3\" class=\"elementor-field-label\">\n\t\t\t\t\t\t\t\tMesajul dumneavoastr\u0103\t\t\t\t\t\t\t<\/label>\n\t\t\t\t\t\t<textarea class=\"elementor-field-textual elementor-field  elementor-size-sm\" name=\"form_fields[field_3]\" id=\"form-field-field_3\" rows=\"4\" required=\"required\"><\/textarea>\t\t\t\t<\/div>\n\t\t\t\t\t\t\t\t<div class=\"elementor-field-type-acceptance elementor-field-group elementor-column elementor-field-group-field_4 elementor-col-100 elementor-field-required elementor-mark-required\">\n\t\t\t\t\t\t\t\t\t\t\t\t<label for=\"form-field-field_4\" class=\"elementor-field-label\">\n\t\t\t\t\t\t\t\tProtec\u021bia datelor\t\t\t\t\t\t\t<\/label>\n\t\t\t\t\t\t\t\t<div class=\"elementor-field-subgroup\">\n\t\t\t<span class=\"elementor-field-option\">\n\t\t\t\t<input type=\"checkbox\" name=\"form_fields[field_4]\" id=\"form-field-field_4\" class=\"elementor-field elementor-size-sm  elementor-acceptance-field\" required=\"required\">\n\t\t\t\t<label for=\"form-field-field_4\"><span style=\"font-size: 10px;\">Sunt de acord ca datele mele din formularul de contact s\u0103 fie colectate \u0219i prelucrate pentru a r\u0103spunde la solicitarea mea. Datele vor fi \u0219terse dup\u0103 procesarea cererii dvs. de informa\u021bii. Not\u0103: V\u0103 pute\u021bi revoca consim\u021b\u0103m\u00e2ntul \u00een orice moment pentru viitor, trimi\u021b\u00e2nd un e-mail la info@rtpersonal.de. Informa\u021bii detaliate privind gestionarea datelor utilizatorilor pot fi g\u0103site \u00een <a href=\"https:\/\/rtpersonal.de\/ro\/politica-de-confidentialitate\/\">politica<\/a> noastr\u0103 <a href=\"https:\/\/rtpersonal.de\/ro\/politica-de-confidentialitate\/\">de confiden\u021bialitate*<\/a>.<\/label>\t\t\t<\/span>\n\t\t<\/div>\n\t\t\t\t\t\t<\/div>\n\t\t\t\t\t\t\t\t<div class=\"elementor-field-type-recaptcha_v3 elementor-field-group elementor-column elementor-field-group-field_5 elementor-col-100 recaptcha_v3-inline\">\n\t\t\t\t\t<div class=\"elementor-field\" id=\"form-field-field_5\"><div class=\"elementor-g-recaptcha\" data-sitekey=\"6LeiDLQUAAAAAHPu1UTke35Xbbxks6Mr3T6kR4pb\" data-type=\"v3\" data-action=\"Form\" data-badge=\"inline\" data-size=\"invisible\"><\/div><\/div>\t\t\t\t<\/div>\n\t\t\t\t\t\t\t\t<div class=\"elementor-field-group elementor-column elementor-field-type-submit elementor-col-100 e-form__buttons\">\n\t\t\t\t\t<button class=\"elementor-button elementor-size-md\" type=\"submit\">\n\t\t\t\t\t\t<span class=\"elementor-button-content-wrapper\">\n\t\t\t\t\t\t\t\t\t\t\t\t\t\t\t\t\t\t\t\t\t\t<span class=\"elementor-button-text\">Lua\u021bi leg\u0103tura acum<\/span>\n\t\t\t\t\t\t\t\t\t\t\t\t\t<\/span>\n\t\t\t\t\t<\/button>\n\t\t\t\t<\/div>\n\t\t\t<\/div>\n\t\t<\/form>\n\t\t\t\t\t\t<\/div>\n\t\t\t\t<\/div>\n\t\t\t\t\t<\/div>\n\t\t<\/div>\n\t\t\t\t<div class=\"elementor-column elementor-col-50 elementor-top-column elementor-element elementor-element-81efaad\" data-id=\"81efaad\" data-element_type=\"column\">\n\t\t\t<div class=\"elementor-widget-wrap elementor-element-populated\">\n\t\t\t\t\t\t<div class=\"elementor-element elementor-element-465bcb1 elementor-hidden-phone elementor-widget elementor-widget-image\" data-id=\"465bcb1\" data-element_type=\"widget\" data-widget_type=\"image.default\">\n\t\t\t\t<div class=\"elementor-widget-container\">\n\t\t\t\t\t\t\t\t\t\t\t\t\t\t\t<img fetchpriority=\"high\" decoding=\"async\" width=\"668\" height=\"1000\" src=\"https:\/\/rtpersonal.de\/wp-content\/uploads\/2019\/08\/neue-perspektiven.jpg\" class=\"attachment-large size-large wp-image-7761\" alt=\"\" srcset=\"https:\/\/rtpersonal.de\/wp-content\/uploads\/2019\/08\/neue-perspektiven.jpg 668w, https:\/\/rtpersonal.de\/wp-content\/uploads\/2019\/08\/neue-perspektiven-200x300.jpg 200w\" sizes=\"(max-width: 668px) 100vw, 668px\" \/>\t\t\t\t\t\t\t\t\t\t\t\t\t\t\t<\/div>\n\t\t\t\t<\/div>\n\t\t\t\t\t<\/div>\n\t\t<\/div>\n\t\t\t\t\t<\/div>\n\t\t<\/section>\n\t\t\t\t<section class=\"elementor-section elementor-top-section elementor-element elementor-element-6960682 elementor-section-height-min-height elementor-section-content-middle elementor-section-boxed elementor-section-height-default elementor-section-items-middle\" data-id=\"6960682\" data-element_type=\"section\" data-settings=\"{&quot;background_background&quot;:&quot;classic&quot;,&quot;shape_divider_bottom&quot;:&quot;pyramids&quot;,&quot;shape_divider_bottom_negative&quot;:&quot;yes&quot;}\">\n\t\t\t\t\t<div class=\"elementor-shape elementor-shape-bottom\" aria-hidden=\"true\" data-negative=\"true\">\n\t\t\t<svg xmlns=\"http:\/\/www.w3.org\/2000\/svg\" viewBox=\"0 0 1000 100\" preserveAspectRatio=\"none\">\n\t<path class=\"elementor-shape-fill\" d=\"M761.9,40.6L643.1,24L333.9,93.8L0.1,1H0v99h1000V1\"\/>\n<\/svg>\t\t<\/div>\n\t\t\t\t\t<div class=\"elementor-container elementor-column-gap-default\">\n\t\t\t\t\t<div class=\"elementor-column elementor-col-100 elementor-top-column elementor-element elementor-element-bf0cd37\" data-id=\"bf0cd37\" data-element_type=\"column\">\n\t\t\t<div class=\"elementor-widget-wrap elementor-element-populated\">\n\t\t\t\t\t\t<div class=\"elementor-element elementor-element-fc7dce4 elementor-align-center elementor-icon-list--layout-traditional elementor-list-item-link-full_width elementor-widget elementor-widget-icon-list\" data-id=\"fc7dce4\" data-element_type=\"widget\" data-widget_type=\"icon-list.default\">\n\t\t\t\t<div class=\"elementor-widget-container\">\n\t\t\t\t\t\t\t<ul class=\"elementor-icon-list-items\">\n\t\t\t\t\t\t\t<li class=\"elementor-icon-list-item\">\n\t\t\t\t\t\t\t\t\t\t\t<span class=\"elementor-icon-list-icon\">\n\t\t\t\t\t\t\t<i aria-hidden=\"true\" class=\"fas fa-map-marker-alt\"><\/i>\t\t\t\t\t\t<\/span>\n\t\t\t\t\t\t\t\t\t\t<span class=\"elementor-icon-list-text\"><br>Grimmelshausenstra\u00dfe 9 79336 Herbolzheim<\/span>\n\t\t\t\t\t\t\t\t\t<\/li>\n\t\t\t\t\t\t\t\t<li class=\"elementor-icon-list-item\">\n\t\t\t\t\t\t\t\t\t\t\t<span class=\"elementor-icon-list-icon\">\n\t\t\t\t\t\t\t<i aria-hidden=\"true\" class=\"fas fa-phone-alt\"><\/i>\t\t\t\t\t\t<\/span>\n\t\t\t\t\t\t\t\t\t\t<span class=\"elementor-icon-list-text\">07821\/9936100<\/span>\n\t\t\t\t\t\t\t\t\t<\/li>\n\t\t\t\t\t\t\t\t<li class=\"elementor-icon-list-item\">\n\t\t\t\t\t\t\t\t\t\t\t<span class=\"elementor-icon-list-icon\">\n\t\t\t\t\t\t\t<i aria-hidden=\"true\" class=\"fas fa-envelope\"><\/i>\t\t\t\t\t\t<\/span>\n\t\t\t\t\t\t\t\t\t\t<span class=\"elementor-icon-list-text\">info@rtpersonal.de<\/span>\n\t\t\t\t\t\t\t\t\t<\/li>\n\t\t\t\t\t\t<\/ul>\n\t\t\t\t\t\t<\/div>\n\t\t\t\t<\/div>\n\t\t\t\t\t<\/div>\n\t\t<\/div>\n\t\t\t\t\t<\/div>\n\t\t<\/section>\n\t\t\t\t<section class=\"elementor-section elementor-top-section elementor-element elementor-element-cbd53be elementor-section-boxed elementor-section-height-default elementor-section-height-default\" data-id=\"cbd53be\" data-element_type=\"section\">\n\t\t\t\t\t\t<div class=\"elementor-container elementor-column-gap-default\">\n\t\t\t\t\t<div class=\"elementor-column elementor-col-100 elementor-top-column elementor-element elementor-element-ce98c8a\" data-id=\"ce98c8a\" data-element_type=\"column\">\n\t\t\t<div class=\"elementor-widget-wrap\">\n\t\t\t\t\t\t\t<\/div>\n\t\t<\/div>\n\t\t\t\t\t<\/div>\n\t\t<\/section>\n\t\t\t\t<section class=\"elementor-section elementor-top-section elementor-element elementor-element-cccf189 elementor-section-boxed elementor-section-height-default elementor-section-height-default\" data-id=\"cccf189\" data-element_type=\"section\">\n\t\t\t\t\t\t<div class=\"elementor-container elementor-column-gap-default\">\n\t\t\t\t\t<div class=\"elementor-column elementor-col-100 elementor-top-column elementor-element elementor-element-0efe29e\" data-id=\"0efe29e\" data-element_type=\"column\">\n\t\t\t<div class=\"elementor-widget-wrap elementor-element-populated\">\n\t\t\t\t\t\t<div class=\"elementor-element elementor-element-7259 elementor-shape-square elementor-grid-1 elementor-fixed elementor-widget__width-auto e-grid-align-center elementor-widget elementor-widget-global elementor-global-9021 elementor-global-7259 elementor-widget-social-icons\" data-id=\"7259\" data-element_type=\"widget\" data-settings=\"{&quot;_position&quot;:&quot;fixed&quot;}\" data-widget_type=\"social-icons.default\">\n\t\t\t\t<div class=\"elementor-widget-container\">\n\t\t\t\t\t\t\t<div class=\"elementor-social-icons-wrapper elementor-grid\" role=\"list\">\n\t\t\t\t\t\t\t<span class=\"elementor-grid-item\" role=\"listitem\">\n\t\t\t\t\t<a class=\"elementor-icon elementor-social-icon elementor-social-icon-whatsapp elementor-animation-grow elementor-repeater-item-7bec18f\" href=\"https:\/\/wa.me\/4901706582887\" target=\"_blank\">\n\t\t\t\t\t\t<span class=\"elementor-screen-only\">Whatsapp<\/span>\n\t\t\t\t\t\t<i aria-hidden=\"true\" class=\"fab fa-whatsapp\"><\/i>\t\t\t\t\t<\/a>\n\t\t\t\t<\/span>\n\t\t\t\t\t\t\t<span class=\"elementor-grid-item\" role=\"listitem\">\n\t\t\t\t\t<a class=\"elementor-icon elementor-social-icon elementor-social-icon-facebook elementor-animation-grow elementor-repeater-item-7efced3\" href=\"https:\/\/www.facebook.com\/rtPersonal.GmbH\" target=\"_blank\">\n\t\t\t\t\t\t<span class=\"elementor-screen-only\">Facebook<\/span>\n\t\t\t\t\t\t<i aria-hidden=\"true\" class=\"fab fa-facebook\"><\/i>\t\t\t\t\t<\/a>\n\t\t\t\t<\/span>\n\t\t\t\t\t\t\t<span class=\"elementor-grid-item\" role=\"listitem\">\n\t\t\t\t\t<a class=\"elementor-icon elementor-social-icon elementor-social-icon-phone-alt elementor-animation-grow elementor-repeater-item-7f32ee9\" href=\"tel:+4978219936100\" target=\"_blank\">\n\t\t\t\t\t\t<span class=\"elementor-screen-only\">Phone-alt<\/span>\n\t\t\t\t\t\t<i aria-hidden=\"true\" class=\"fas fa-phone-alt\"><\/i>\t\t\t\t\t<\/a>\n\t\t\t\t<\/span>\n\t\t\t\t\t<\/div>\n\t\t\t\t\t\t<\/div>\n\t\t\t\t<\/div>\n\t\t\t\t\t<\/div>\n\t\t<\/div>\n\t\t\t\t\t<\/div>\n\t\t<\/section>\n\t\t\t\t<\/div>\n\t\t","protected":false},"excerpt":{"rendered":"<p>Contacta\u021bi-ne Lua\u021bi leg\u0103tura acum Grimmelshausenstra\u00dfe 9 79336 Herbolzheim 07821\/9936100 info@rtpersonal.de Whatsapp Facebook Phone-alt<\/p>\n","protected":false},"author":8,"featured_media":0,"parent":0,"menu_order":0,"comment_status":"open","ping_status":"open","template":"","meta":{"footnotes":""},"class_list":["post-7604","page","type-page","status-publish","hentry","wpbf-post"],"yoast_head":"<!-- This site is optimized with the Yoast SEO plugin v26.5 - https:\/\/yoast.com\/wordpress\/plugins\/seo\/ -->\n<title>Lua\u021bi leg\u0103tura cu noi - rt Personal<\/title>\n<meta name=\"description\" content=\"Lua\u021bi leg\u0103tura cu rt personal GmbH. Partenerul dumneavoastr\u0103 pentru munc\u0103 temporar\u0103, servicii de personal, recrutare \u0219i leasing de angaja\u021bi\" \/>\n<meta name=\"robots\" content=\"index, follow, max-snippet:-1, max-image-preview:large, max-video-preview:-1\" \/>\n<link rel=\"canonical\" href=\"https:\/\/rtpersonal.de\/ro\/contactati-ne\/\" \/>\n<meta name=\"twitter:card\" content=\"summary_large_image\" \/>\n<meta name=\"twitter:title\" content=\"Lua\u021bi leg\u0103tura cu noi - rt Personal\" \/>\n<meta name=\"twitter:description\" content=\"Lua\u021bi leg\u0103tura cu rt personal GmbH. Partenerul dumneavoastr\u0103 pentru munc\u0103 temporar\u0103, servicii de personal, recrutare \u0219i leasing de angaja\u021bi\" \/>\n<meta name=\"twitter:image\" content=\"https:\/\/rtpersonal.de\/wp-content\/uploads\/2019\/08\/neue-perspektiven.jpg\" \/>\n<script type=\"application\/ld+json\" class=\"yoast-schema-graph\">{\"@context\":\"https:\/\/schema.org\",\"@graph\":[{\"@type\":\"WebPage\",\"@id\":\"https:\/\/rtpersonal.de\/ro\/contactati-ne\/\",\"url\":\"https:\/\/rtpersonal.de\/ro\/contactati-ne\/\",\"name\":\"Lua\u021bi leg\u0103tura cu noi - rt Personal\",\"isPartOf\":{\"@id\":\"https:\/\/rtpersonal.de\/ro\/#website\"},\"primaryImageOfPage\":{\"@id\":\"https:\/\/rtpersonal.de\/ro\/contactati-ne\/#primaryimage\"},\"image\":{\"@id\":\"https:\/\/rtpersonal.de\/ro\/contactati-ne\/#primaryimage\"},\"thumbnailUrl\":\"https:\/\/rtpersonal.de\/wp-content\/uploads\/2019\/08\/neue-perspektiven.jpg\",\"datePublished\":\"2014-08-29T00:09:43+00:00\",\"dateModified\":\"2025-01-03T21:54:53+00:00\",\"description\":\"Lua\u021bi leg\u0103tura cu rt personal GmbH. Partenerul dumneavoastr\u0103 pentru munc\u0103 temporar\u0103, servicii de personal, recrutare \u0219i leasing de angaja\u021bi\",\"breadcrumb\":{\"@id\":\"https:\/\/rtpersonal.de\/ro\/contactati-ne\/#breadcrumb\"},\"inLanguage\":\"ro-RO\",\"potentialAction\":[{\"@type\":\"ReadAction\",\"target\":[\"https:\/\/rtpersonal.de\/ro\/contactati-ne\/\"]}]},{\"@type\":\"ImageObject\",\"inLanguage\":\"ro-RO\",\"@id\":\"https:\/\/rtpersonal.de\/ro\/contactati-ne\/#primaryimage\",\"url\":\"https:\/\/rtpersonal.de\/wp-content\/uploads\/2019\/08\/neue-perspektiven.jpg\",\"contentUrl\":\"https:\/\/rtpersonal.de\/wp-content\/uploads\/2019\/08\/neue-perspektiven.jpg\"},{\"@type\":\"BreadcrumbList\",\"@id\":\"https:\/\/rtpersonal.de\/ro\/contactati-ne\/#breadcrumb\",\"itemListElement\":[{\"@type\":\"ListItem\",\"position\":1,\"name\":\"Startseite\",\"item\":\"https:\/\/rtpersonal.de\/ro\/\"},{\"@type\":\"ListItem\",\"position\":2,\"name\":\"Contacta\u021bi-ne\"}]},{\"@type\":\"WebSite\",\"@id\":\"https:\/\/rtpersonal.de\/ro\/#website\",\"url\":\"https:\/\/rtpersonal.de\/ro\/\",\"name\":\"rt Personal\",\"description\":\"Ihr Partner f\u00fcr Zeitarbeit, Leiharbeit &amp; Personalvermittlung\",\"publisher\":{\"@id\":\"https:\/\/rtpersonal.de\/ro\/#organization\"},\"potentialAction\":[{\"@type\":\"SearchAction\",\"target\":{\"@type\":\"EntryPoint\",\"urlTemplate\":\"https:\/\/rtpersonal.de\/ro\/?s={search_term_string}\"},\"query-input\":{\"@type\":\"PropertyValueSpecification\",\"valueRequired\":true,\"valueName\":\"search_term_string\"}}],\"inLanguage\":\"ro-RO\"},{\"@type\":\"Organization\",\"@id\":\"https:\/\/rtpersonal.de\/ro\/#organization\",\"name\":\"rt Personal\",\"url\":\"https:\/\/rtpersonal.de\/ro\/\",\"logo\":{\"@type\":\"ImageObject\",\"inLanguage\":\"ro-RO\",\"@id\":\"https:\/\/rtpersonal.de\/ro\/#\/schema\/logo\/image\/\",\"url\":\"https:\/\/rtpersonal.de\/wp-content\/uploads\/2019\/08\/logo_gross.png\",\"contentUrl\":\"https:\/\/rtpersonal.de\/wp-content\/uploads\/2019\/08\/logo_gross.png\",\"width\":582,\"height\":146,\"caption\":\"rt Personal\"},\"image\":{\"@id\":\"https:\/\/rtpersonal.de\/ro\/#\/schema\/logo\/image\/\"}}]}<\/script>\n<!-- \/ Yoast SEO plugin. -->","yoast_head_json":{"title":"Lua\u021bi leg\u0103tura cu noi - rt Personal","description":"Lua\u021bi leg\u0103tura cu rt personal GmbH. Partenerul dumneavoastr\u0103 pentru munc\u0103 temporar\u0103, servicii de personal, recrutare \u0219i leasing de angaja\u021bi","robots":{"index":"index","follow":"follow","max-snippet":"max-snippet:-1","max-image-preview":"max-image-preview:large","max-video-preview":"max-video-preview:-1"},"canonical":"https:\/\/rtpersonal.de\/ro\/contactati-ne\/","twitter_card":"summary_large_image","twitter_title":"Lua\u021bi leg\u0103tura cu noi - rt Personal","twitter_description":"Lua\u021bi leg\u0103tura cu rt personal GmbH. Partenerul dumneavoastr\u0103 pentru munc\u0103 temporar\u0103, servicii de personal, recrutare \u0219i leasing de angaja\u021bi","twitter_image":"https:\/\/rtpersonal.de\/wp-content\/uploads\/2019\/08\/neue-perspektiven.jpg","schema":{"@context":"https:\/\/schema.org","@graph":[{"@type":"WebPage","@id":"https:\/\/rtpersonal.de\/ro\/contactati-ne\/","url":"https:\/\/rtpersonal.de\/ro\/contactati-ne\/","name":"Lua\u021bi leg\u0103tura cu noi - rt Personal","isPartOf":{"@id":"https:\/\/rtpersonal.de\/ro\/#website"},"primaryImageOfPage":{"@id":"https:\/\/rtpersonal.de\/ro\/contactati-ne\/#primaryimage"},"image":{"@id":"https:\/\/rtpersonal.de\/ro\/contactati-ne\/#primaryimage"},"thumbnailUrl":"https:\/\/rtpersonal.de\/wp-content\/uploads\/2019\/08\/neue-perspektiven.jpg","datePublished":"2014-08-29T00:09:43+00:00","dateModified":"2025-01-03T21:54:53+00:00","description":"Lua\u021bi leg\u0103tura cu rt personal GmbH. Partenerul dumneavoastr\u0103 pentru munc\u0103 temporar\u0103, servicii de personal, recrutare \u0219i leasing de angaja\u021bi","breadcrumb":{"@id":"https:\/\/rtpersonal.de\/ro\/contactati-ne\/#breadcrumb"},"inLanguage":"ro-RO","potentialAction":[{"@type":"ReadAction","target":["https:\/\/rtpersonal.de\/ro\/contactati-ne\/"]}]},{"@type":"ImageObject","inLanguage":"ro-RO","@id":"https:\/\/rtpersonal.de\/ro\/contactati-ne\/#primaryimage","url":"https:\/\/rtpersonal.de\/wp-content\/uploads\/2019\/08\/neue-perspektiven.jpg","contentUrl":"https:\/\/rtpersonal.de\/wp-content\/uploads\/2019\/08\/neue-perspektiven.jpg"},{"@type":"BreadcrumbList","@id":"https:\/\/rtpersonal.de\/ro\/contactati-ne\/#breadcrumb","itemListElement":[{"@type":"ListItem","position":1,"name":"Startseite","item":"https:\/\/rtpersonal.de\/ro\/"},{"@type":"ListItem","position":2,"name":"Contacta\u021bi-ne"}]},{"@type":"WebSite","@id":"https:\/\/rtpersonal.de\/ro\/#website","url":"https:\/\/rtpersonal.de\/ro\/","name":"rt Personal","description":"Ihr Partner f\u00fcr Zeitarbeit, Leiharbeit &amp; Personalvermittlung","publisher":{"@id":"https:\/\/rtpersonal.de\/ro\/#organization"},"potentialAction":[{"@type":"SearchAction","target":{"@type":"EntryPoint","urlTemplate":"https:\/\/rtpersonal.de\/ro\/?s={search_term_string}"},"query-input":{"@type":"PropertyValueSpecification","valueRequired":true,"valueName":"search_term_string"}}],"inLanguage":"ro-RO"},{"@type":"Organization","@id":"https:\/\/rtpersonal.de\/ro\/#organization","name":"rt Personal","url":"https:\/\/rtpersonal.de\/ro\/","logo":{"@type":"ImageObject","inLanguage":"ro-RO","@id":"https:\/\/rtpersonal.de\/ro\/#\/schema\/logo\/image\/","url":"https:\/\/rtpersonal.de\/wp-content\/uploads\/2019\/08\/logo_gross.png","contentUrl":"https:\/\/rtpersonal.de\/wp-content\/uploads\/2019\/08\/logo_gross.png","width":582,"height":146,"caption":"rt Personal"},"image":{"@id":"https:\/\/rtpersonal.de\/ro\/#\/schema\/logo\/image\/"}}]}},"_links":{"self":[{"href":"https:\/\/rtpersonal.de\/ro\/wp-json\/wp\/v2\/pages\/7604","targetHints":{"allow":["GET"]}}],"collection":[{"href":"https:\/\/rtpersonal.de\/ro\/wp-json\/wp\/v2\/pages"}],"about":[{"href":"https:\/\/rtpersonal.de\/ro\/wp-json\/wp\/v2\/types\/page"}],"author":[{"embeddable":true,"href":"https:\/\/rtpersonal.de\/ro\/wp-json\/wp\/v2\/users\/8"}],"replies":[{"embeddable":true,"href":"https:\/\/rtpersonal.de\/ro\/wp-json\/wp\/v2\/comments?post=7604"}],"version-history":[{"count":2,"href":"https:\/\/rtpersonal.de\/ro\/wp-json\/wp\/v2\/pages\/7604\/revisions"}],"predecessor-version":[{"id":9211,"href":"https:\/\/rtpersonal.de\/ro\/wp-json\/wp\/v2\/pages\/7604\/revisions\/9211"}],"wp:attachment":[{"href":"https:\/\/rtpersonal.de\/ro\/wp-json\/wp\/v2\/media?parent=7604"}],"curies":[{"name":"wp","href":"https:\/\/api.w.org\/{rel}","templated":true}]}}