{"id":7705,"date":"2015-06-24T09:39:21","date_gmt":"2015-06-24T07:39:21","guid":{"rendered":"https:\/\/rtpersonal.de\/imprimare\/"},"modified":"2025-01-03T23:58:58","modified_gmt":"2025-01-03T21:58:58","slug":"imprimare","status":"publish","type":"page","link":"https:\/\/rtpersonal.de\/ro\/imprimare\/","title":{"rendered":"Imprimare"},"content":{"rendered":"\t\t<div data-elementor-type=\"wp-post\" data-elementor-id=\"7705\" class=\"elementor elementor-7705 elementor-3608\" data-elementor-post-type=\"page\">\n\t\t\t\t\t\t<section class=\"elementor-section elementor-top-section elementor-element elementor-element-68b89a2 elementor-section-boxed elementor-section-height-default elementor-section-height-default\" data-id=\"68b89a2\" data-element_type=\"section\">\n\t\t\t\t\t\t<div class=\"elementor-container elementor-column-gap-default\">\n\t\t\t\t\t<div class=\"elementor-column elementor-col-100 elementor-top-column elementor-element elementor-element-92f453b\" data-id=\"92f453b\" data-element_type=\"column\">\n\t\t\t<div class=\"elementor-widget-wrap elementor-element-populated\">\n\t\t\t\t\t\t<div class=\"elementor-element elementor-element-e9a0ca2 elementor-widget elementor-widget-heading\" data-id=\"e9a0ca2\" data-element_type=\"widget\" data-widget_type=\"heading.default\">\n\t\t\t\t<div class=\"elementor-widget-container\">\n\t\t\t\t\t<h1 class=\"elementor-heading-title elementor-size-default\">Imprimare<\/h1>\t\t\t\t<\/div>\n\t\t\t\t<\/div>\n\t\t\t\t<div class=\"elementor-element elementor-element-d41d2ea elementor-widget elementor-widget-heading\" data-id=\"d41d2ea\" data-element_type=\"widget\" data-widget_type=\"heading.default\">\n\t\t\t\t<div class=\"elementor-widget-container\">\n\t\t\t\t\t<h3 class=\"elementor-heading-title elementor-size-default\">Informa\u021bii \u00een conformitate cu articolul 5 din TMG:<\/h3>\t\t\t\t<\/div>\n\t\t\t\t<\/div>\n\t\t\t\t<div class=\"elementor-element elementor-element-8d22966 elementor-icon-list--layout-traditional elementor-list-item-link-full_width elementor-widget elementor-widget-icon-list\" data-id=\"8d22966\" data-element_type=\"widget\" data-widget_type=\"icon-list.default\">\n\t\t\t\t<div class=\"elementor-widget-container\">\n\t\t\t\t\t\t\t<ul class=\"elementor-icon-list-items\">\n\t\t\t\t\t\t\t<li class=\"elementor-icon-list-item\">\n\t\t\t\t\t\t\t\t\t\t\t<span class=\"elementor-icon-list-icon\">\n\t\t\t\t\t\t\t<i aria-hidden=\"true\" class=\"fas fa-industry\"><\/i>\t\t\t\t\t\t<\/span>\n\t\t\t\t\t\t\t\t\t\t<span class=\"elementor-icon-list-text\">rt Personal GmbH<\/span>\n\t\t\t\t\t\t\t\t\t<\/li>\n\t\t\t\t\t\t\t\t<li class=\"elementor-icon-list-item\">\n\t\t\t\t\t\t\t\t\t\t\t<span class=\"elementor-icon-list-icon\">\n\t\t\t\t\t\t\t<i aria-hidden=\"true\" class=\"fas fa-map-marker-alt\"><\/i>\t\t\t\t\t\t<\/span>\n\t\t\t\t\t\t\t\t\t\t<span class=\"elementor-icon-list-text\"><br>Grimmelshausenstra\u00dfe 9 79336 Herbolzheim<\/span>\n\t\t\t\t\t\t\t\t\t<\/li>\n\t\t\t\t\t\t<\/ul>\n\t\t\t\t\t\t<\/div>\n\t\t\t\t<\/div>\n\t\t\t\t<div class=\"elementor-element elementor-element-6971d40 elementor-widget elementor-widget-heading\" data-id=\"6971d40\" data-element_type=\"widget\" data-widget_type=\"heading.default\">\n\t\t\t\t<div class=\"elementor-widget-container\">\n\t\t\t\t\t<h3 class=\"elementor-heading-title elementor-size-default\">Reprezentat de:<\/h3>\t\t\t\t<\/div>\n\t\t\t\t<\/div>\n\t\t\t\t<div class=\"elementor-element elementor-element-500ceb6 elementor-widget elementor-widget-heading\" data-id=\"500ceb6\" data-element_type=\"widget\" data-widget_type=\"heading.default\">\n\t\t\t\t<div class=\"elementor-widget-container\">\n\t\t\t\t\t<p class=\"elementor-heading-title elementor-size-default\"><br>Dl Sebastian Trotter Director general<\/p>\t\t\t\t<\/div>\n\t\t\t\t<\/div>\n\t\t\t\t<div class=\"elementor-element elementor-element-c6d209c elementor-widget elementor-widget-heading\" data-id=\"c6d209c\" data-element_type=\"widget\" data-widget_type=\"heading.default\">\n\t\t\t\t<div class=\"elementor-widget-container\">\n\t\t\t\t\t<h3 class=\"elementor-heading-title elementor-size-default\">Contact:<\/h3>\t\t\t\t<\/div>\n\t\t\t\t<\/div>\n\t\t\t\t<div class=\"elementor-element elementor-element-3391a84 elementor-icon-list--layout-traditional elementor-list-item-link-full_width elementor-widget elementor-widget-icon-list\" data-id=\"3391a84\" data-element_type=\"widget\" data-widget_type=\"icon-list.default\">\n\t\t\t\t<div class=\"elementor-widget-container\">\n\t\t\t\t\t\t\t<ul class=\"elementor-icon-list-items\">\n\t\t\t\t\t\t\t<li class=\"elementor-icon-list-item\">\n\t\t\t\t\t\t\t\t\t\t\t<span class=\"elementor-icon-list-icon\">\n\t\t\t\t\t\t\t<i aria-hidden=\"true\" class=\"fas fa-map-marker-alt\"><\/i>\t\t\t\t\t\t<\/span>\n\t\t\t\t\t\t\t\t\t\t<span class=\"elementor-icon-list-text\"><br>Grimmelshausenstra\u00dfe 9 79336 Herbolzheim<\/span>\n\t\t\t\t\t\t\t\t\t<\/li>\n\t\t\t\t\t\t\t\t<li class=\"elementor-icon-list-item\">\n\t\t\t\t\t\t\t\t\t\t\t<span class=\"elementor-icon-list-icon\">\n\t\t\t\t\t\t\t<i aria-hidden=\"true\" class=\"fas fa-phone-alt\"><\/i>\t\t\t\t\t\t<\/span>\n\t\t\t\t\t\t\t\t\t\t<span class=\"elementor-icon-list-text\">07821\/9936100<\/span>\n\t\t\t\t\t\t\t\t\t<\/li>\n\t\t\t\t\t\t\t\t<li class=\"elementor-icon-list-item\">\n\t\t\t\t\t\t\t\t\t\t\t<span class=\"elementor-icon-list-icon\">\n\t\t\t\t\t\t\t<i aria-hidden=\"true\" class=\"fas fa-envelope\"><\/i>\t\t\t\t\t\t<\/span>\n\t\t\t\t\t\t\t\t\t\t<span class=\"elementor-icon-list-text\">info@rtpersonal.de<\/span>\n\t\t\t\t\t\t\t\t\t<\/li>\n\t\t\t\t\t\t<\/ul>\n\t\t\t\t\t\t<\/div>\n\t\t\t\t<\/div>\n\t\t\t\t<div class=\"elementor-element elementor-element-e3785dc elementor-widget elementor-widget-heading\" data-id=\"e3785dc\" data-element_type=\"widget\" data-widget_type=\"heading.default\">\n\t\t\t\t<div class=\"elementor-widget-container\">\n\t\t\t\t\t<h3 class=\"elementor-heading-title elementor-size-default\">\u00cenregistrarea intr\u0103rii \u00een registru:<\/h3>\t\t\t\t<\/div>\n\t\t\t\t<\/div>\n\t\t\t\t<div class=\"elementor-element elementor-element-04bfe8c elementor-widget elementor-widget-heading\" data-id=\"04bfe8c\" data-element_type=\"widget\" data-widget_type=\"heading.default\">\n\t\t\t\t<div class=\"elementor-widget-container\">\n\t\t\t\t\t<p class=\"elementor-heading-title elementor-size-default\">\u00cenregistrare \u00een registrul comer\u021bului.<br> <br> Instan\u021ba de \u00eenregistrare: Tribunalul local Freiburg Num\u0103rul de \u00eenregistrare: HRB 711095<\/p>\t\t\t\t<\/div>\n\t\t\t\t<\/div>\n\t\t\t\t<div class=\"elementor-element elementor-element-eb24c65 elementor-widget elementor-widget-heading\" data-id=\"eb24c65\" data-element_type=\"widget\" data-widget_type=\"heading.default\">\n\t\t\t\t<div class=\"elementor-widget-container\">\n\t\t\t\t\t<h3 class=\"elementor-heading-title elementor-size-default\">Taxa pe valoarea ad\u0103ugat\u0103:<\/h3>\t\t\t\t<\/div>\n\t\t\t\t<\/div>\n\t\t\t\t<div class=\"elementor-element elementor-element-e54bd0e elementor-widget elementor-widget-heading\" data-id=\"e54bd0e\" data-element_type=\"widget\" data-widget_type=\"heading.default\">\n\t\t\t\t<div class=\"elementor-widget-container\">\n\t\t\t\t\t<p class=\"elementor-heading-title elementor-size-default\">Num\u0103rul de identificare fiscal\u0103 \u00een conformitate cu \u00a727 a din Legea privind impozitul pe v\u00e2nz\u0103ri: DE293706693<\/p>\t\t\t\t<\/div>\n\t\t\t\t<\/div>\n\t\t\t\t<div class=\"elementor-element elementor-element-4d7fa2b elementor-widget elementor-widget-heading\" data-id=\"4d7fa2b\" data-element_type=\"widget\" data-widget_type=\"heading.default\">\n\t\t\t\t<div class=\"elementor-widget-container\">\n\t\t\t\t\t<h3 class=\"elementor-heading-title elementor-size-default\">Responsabil pentru con\u021binut \u00een conformitate cu \u00a7 55 Abs. 2 RStV:  <\/h3>\t\t\t\t<\/div>\n\t\t\t\t<\/div>\n\t\t\t\t<div class=\"elementor-element elementor-element-35e566b elementor-widget elementor-widget-heading\" data-id=\"35e566b\" data-element_type=\"widget\" data-widget_type=\"heading.default\">\n\t\t\t\t<div class=\"elementor-widget-container\">\n\t\t\t\t\t<p class=\"elementor-heading-title elementor-size-default\"><br><br> Dl Sebastian Trotter Schillerstrasse 2 77933 Lahr \u00een P\u0103durea Neagr\u0103<\/p>\t\t\t\t<\/div>\n\t\t\t\t<\/div>\n\t\t\t\t<div class=\"elementor-element elementor-element-bc0d57d elementor-widget elementor-widget-heading\" data-id=\"bc0d57d\" data-element_type=\"widget\" data-widget_type=\"heading.default\">\n\t\t\t\t<div class=\"elementor-widget-container\">\n\t\t\t\t\t<h3 class=\"elementor-heading-title elementor-size-default\">Solu\u021bionarea litigiilor<\/h3>\t\t\t\t<\/div>\n\t\t\t\t<\/div>\n\t\t\t\t<div class=\"elementor-element elementor-element-e7dd5e2 elementor-widget elementor-widget-heading\" data-id=\"e7dd5e2\" data-element_type=\"widget\" data-widget_type=\"heading.default\">\n\t\t\t\t<div class=\"elementor-widget-container\">\n\t\t\t\t\t<p class=\"elementor-heading-title elementor-size-default\">Comisia European\u0103 pune la dispozi\u021bie o platform\u0103 pentru solu\u021bionarea online a litigiilor (OS): https:\/\/ec.europa.eu\/consumers\/odr. Pute\u021bi g\u0103si adresa noastr\u0103 de e-mail \u00een avizul juridic de mai sus. Nu suntem dispu\u0219i sau obliga\u021bi s\u0103 particip\u0103m la procedurile de solu\u021bionare a litigiilor \u00een fa\u021ba unei comisii de arbitraj pentru consumatori.<\/p>\t\t\t\t<\/div>\n\t\t\t\t<\/div>\n\t\t\t\t<div class=\"elementor-element elementor-element-2af4ef9 elementor-widget elementor-widget-heading\" data-id=\"2af4ef9\" data-element_type=\"widget\" data-widget_type=\"heading.default\">\n\t\t\t\t<div class=\"elementor-widget-container\">\n\t\t\t\t\t<h3 class=\"elementor-heading-title elementor-size-default\">R\u0103spunderea pentru con\u021binut \u0219i link-uri<\/h3>\t\t\t\t<\/div>\n\t\t\t\t<\/div>\n\t\t\t\t<div class=\"elementor-element elementor-element-d0d91af elementor-widget elementor-widget-heading\" data-id=\"d0d91af\" data-element_type=\"widget\" data-widget_type=\"heading.default\">\n\t\t\t\t<div class=\"elementor-widget-container\">\n\t\t\t\t\t<p class=\"elementor-heading-title elementor-size-default\">\u00cen calitate de furnizor de servicii, suntem obliga\u021bi, \u00een conformitate cu \u00a7 7 alin. 1 TMG este responsabil pentru con\u021binutul propriu de pe aceste pagini, \u00een conformitate cu legile generale. Cu toate acestea, \u00een conformitate cu \u00a7\u00a7 8-10 TMG, noi, \u00een calitate de furnizor de servicii, nu suntem obliga\u021bi s\u0103 monitoriz\u0103m informa\u021biile transmise sau stocate de ter\u021bi sau s\u0103 investig\u0103m circumstan\u021bele care indic\u0103 o activitate ilegal\u0103. Obliga\u021biile de a elimina sau de a bloca utilizarea informa\u021biilor \u00een conformitate cu legisla\u021bia general\u0103 r\u0103m\u00e2n neafectate de acest lucru. Cu toate acestea, r\u0103spunderea \u00een acest sens este posibil\u0103 numai din momentul \u00een care se ia cuno\u0219tin\u021b\u0103 de o anumit\u0103 \u00eenc\u0103lcare. De \u00eendat\u0103 ce vom lua cuno\u0219tin\u021b\u0103 de astfel de \u00eenc\u0103lc\u0103ri, vom elimina imediat acest con\u021binut.<br><br>Site-ul nostru web con\u021bine linkuri c\u0103tre site-uri web externe ale unor ter\u021be p\u0103r\u021bi asupra con\u021binutului c\u0103rora nu avem nicio influen\u021b\u0103. Prin urmare, nu ne putem asuma nicio r\u0103spundere pentru acest con\u021binut ter\u021b. Furnizorul sau operatorul respectiv al paginilor este \u00eentotdeauna responsabil pentru con\u021binutul paginilor legate. Paginile cu linkuri au fost verificate pentru posibile \u00eenc\u0103lc\u0103ri legale \u00een momentul cre\u0103rii linkurilor. Con\u021binuturile ilegale nu au fost recunoscute \u00een momentul conect\u0103rii. Cu toate acestea, monitorizarea permanent\u0103 a con\u021binutului paginilor legate nu este rezonabil\u0103 \u00een lipsa unor dovezi concrete ale unei \u00eenc\u0103lc\u0103ri. \u00cen cazul \u00een care lu\u0103m cuno\u0219tin\u021b\u0103 de orice \u00eenc\u0103lcare a legii, vom elimina imediat aceste link-uri.<\/p>\t\t\t\t<\/div>\n\t\t\t\t<\/div>\n\t\t\t\t<div class=\"elementor-element elementor-element-7e7ab86 elementor-widget elementor-widget-heading\" data-id=\"7e7ab86\" data-element_type=\"widget\" data-widget_type=\"heading.default\">\n\t\t\t\t<div class=\"elementor-widget-container\">\n\t\t\t\t\t<h3 class=\"elementor-heading-title elementor-size-default\">Drepturi de autor<\/h3>\t\t\t\t<\/div>\n\t\t\t\t<\/div>\n\t\t\t\t<div class=\"elementor-element elementor-element-b0cee2b elementor-widget elementor-widget-heading\" data-id=\"b0cee2b\" data-element_type=\"widget\" data-widget_type=\"heading.default\">\n\t\t\t\t<div class=\"elementor-widget-container\">\n\t\t\t\t\t<p class=\"elementor-heading-title elementor-size-default\">Con\u021binutul \u0219i lucr\u0103rile create de operatorii site-ului pe aceste pagini sunt supuse legisla\u021biei germane privind drepturile de autor. Reproducerea, editarea, distribuirea \u0219i orice alt tip de utilizare \u00een afara limitelor legii drepturilor de autor necesit\u0103 acordul scris al autorului sau creatorului respectiv. Desc\u0103rc\u0103rile \u0219i copiile de pe acest site sunt permise numai pentru uz privat, necomercial. \u00cen m\u0103sura \u00een care con\u021binutul acestui site nu a fost creat de c\u0103tre operator, sunt respectate drepturile de autor ale ter\u021bilor. \u00cen special, con\u021binutul ter\u021bilor este etichetat ca atare. \u00cen cazul \u00een care, cu toate acestea, lua\u021bi cuno\u0219tin\u021b\u0103 de o \u00eenc\u0103lcare a drepturilor de autor, v\u0103 rug\u0103m s\u0103 ne informa\u021bi \u00een consecin\u021b\u0103. \u00cen cazul \u00een care lu\u0103m cuno\u0219tin\u021b\u0103 de orice \u00eenc\u0103lcare a legii, vom elimina imediat con\u021binutul respectiv.<\/p>\t\t\t\t<\/div>\n\t\t\t\t<\/div>\n\t\t\t\t<div class=\"elementor-element elementor-element-15a1211 elementor-widget elementor-widget-heading\" data-id=\"15a1211\" data-element_type=\"widget\" data-widget_type=\"heading.default\">\n\t\t\t\t<div class=\"elementor-widget-container\">\n\t\t\t\t\t<h3 class=\"elementor-heading-title elementor-size-default\">Marketing online &amp; web design<\/h3>\t\t\t\t<\/div>\n\t\t\t\t<\/div>\n\t\t\t\t<div class=\"elementor-element elementor-element-a41e6e1 elementor-icon-list--layout-traditional elementor-list-item-link-full_width elementor-widget elementor-widget-icon-list\" data-id=\"a41e6e1\" data-element_type=\"widget\" data-widget_type=\"icon-list.default\">\n\t\t\t\t<div class=\"elementor-widget-container\">\n\t\t\t\t\t\t\t<ul class=\"elementor-icon-list-items\">\n\t\t\t\t\t\t\t<li class=\"elementor-icon-list-item\">\n\t\t\t\t\t\t\t\t\t\t\t<a href=\"https:\/\/leibinger.io\" target=\"_blank\">\n\n\t\t\t\t\t\t\t\t\t\t\t\t<span class=\"elementor-icon-list-icon\">\n\t\t\t\t\t\t\t<i aria-hidden=\"true\" class=\"fas fa-external-link-alt\"><\/i>\t\t\t\t\t\t<\/span>\n\t\t\t\t\t\t\t\t\t\t<span class=\"elementor-icon-list-text\">leibinger.io<\/span>\n\t\t\t\t\t\t\t\t\t\t\t<\/a>\n\t\t\t\t\t\t\t\t\t<\/li>\n\t\t\t\t\t\t<\/ul>\n\t\t\t\t\t\t<\/div>\n\t\t\t\t<\/div>\n\t\t\t\t<div class=\"elementor-element elementor-element-974a9f2 elementor-widget elementor-widget-image\" data-id=\"974a9f2\" data-element_type=\"widget\" data-widget_type=\"image.default\">\n\t\t\t\t<div class=\"elementor-widget-container\">\n\t\t\t\t\t\t\t\t\t\t\t\t\t\t\t<img decoding=\"async\" width=\"120\" height=\"156\" src=\"https:\/\/rtpersonal.de\/wp-content\/uploads\/2018\/05\/erecht24-siegel-impressum-blau.png\" class=\"attachment-large size-large wp-image-7709\" alt=\"\" \/>\t\t\t\t\t\t\t\t\t\t\t\t\t\t\t<\/div>\n\t\t\t\t<\/div>\n\t\t\t\t\t<\/div>\n\t\t<\/div>\n\t\t\t\t\t<\/div>\n\t\t<\/section>\n\t\t\t\t<section class=\"elementor-section elementor-top-section elementor-element elementor-element-984824f elementor-section-boxed elementor-section-height-default elementor-section-height-default\" data-id=\"984824f\" data-element_type=\"section\">\n\t\t\t\t\t\t<div class=\"elementor-container elementor-column-gap-default\">\n\t\t\t\t\t<div class=\"elementor-column elementor-col-100 elementor-top-column elementor-element elementor-element-82194cb\" data-id=\"82194cb\" data-element_type=\"column\">\n\t\t\t<div class=\"elementor-widget-wrap elementor-element-populated\">\n\t\t\t\t\t\t<div class=\"elementor-element elementor-element-7259 elementor-shape-square elementor-grid-1 elementor-fixed elementor-widget__width-auto e-grid-align-center elementor-widget elementor-widget-global elementor-global-9021 elementor-global-7259 elementor-widget-social-icons\" data-id=\"7259\" data-element_type=\"widget\" data-settings=\"{&quot;_position&quot;:&quot;fixed&quot;}\" data-widget_type=\"social-icons.default\">\n\t\t\t\t<div class=\"elementor-widget-container\">\n\t\t\t\t\t\t\t<div class=\"elementor-social-icons-wrapper elementor-grid\" role=\"list\">\n\t\t\t\t\t\t\t<span class=\"elementor-grid-item\" role=\"listitem\">\n\t\t\t\t\t<a class=\"elementor-icon elementor-social-icon elementor-social-icon-whatsapp elementor-animation-grow elementor-repeater-item-7bec18f\" href=\"https:\/\/wa.me\/4901706582887\" target=\"_blank\">\n\t\t\t\t\t\t<span class=\"elementor-screen-only\">Whatsapp<\/span>\n\t\t\t\t\t\t<i aria-hidden=\"true\" class=\"fab fa-whatsapp\"><\/i>\t\t\t\t\t<\/a>\n\t\t\t\t<\/span>\n\t\t\t\t\t\t\t<span class=\"elementor-grid-item\" role=\"listitem\">\n\t\t\t\t\t<a class=\"elementor-icon elementor-social-icon elementor-social-icon-facebook elementor-animation-grow elementor-repeater-item-7efced3\" href=\"https:\/\/www.facebook.com\/rtPersonal.GmbH\" target=\"_blank\">\n\t\t\t\t\t\t<span class=\"elementor-screen-only\">Facebook<\/span>\n\t\t\t\t\t\t<i aria-hidden=\"true\" class=\"fab fa-facebook\"><\/i>\t\t\t\t\t<\/a>\n\t\t\t\t<\/span>\n\t\t\t\t\t\t\t<span class=\"elementor-grid-item\" role=\"listitem\">\n\t\t\t\t\t<a class=\"elementor-icon elementor-social-icon elementor-social-icon-phone-alt elementor-animation-grow elementor-repeater-item-7f32ee9\" href=\"tel:+4978219936100\" target=\"_blank\">\n\t\t\t\t\t\t<span class=\"elementor-screen-only\">Phone-alt<\/span>\n\t\t\t\t\t\t<i aria-hidden=\"true\" class=\"fas fa-phone-alt\"><\/i>\t\t\t\t\t<\/a>\n\t\t\t\t<\/span>\n\t\t\t\t\t<\/div>\n\t\t\t\t\t\t<\/div>\n\t\t\t\t<\/div>\n\t\t\t\t\t<\/div>\n\t\t<\/div>\n\t\t\t\t\t<\/div>\n\t\t<\/section>\n\t\t\t\t<\/div>\n\t\t","protected":false},"excerpt":{"rendered":"<p>Imprimare Informa\u021bii \u00een conformitate cu articolul 5 din TMG: rt Personal GmbH Grimmelshausenstra\u00dfe 9 79336 Herbolzheim Reprezentat de: Dl Sebastian Trotter Director general Contact: Grimmelshausenstra\u00dfe 9 79336 Herbolzheim 07821\/9936100 info@rtpersonal.de \u00cenregistrarea intr\u0103rii \u00een registru: \u00cenregistrare \u00een registrul comer\u021bului. Instan\u021ba de \u00eenregistrare: Tribunalul local Freiburg Num\u0103rul de \u00eenregistrare: HRB 711095 Taxa pe valoarea ad\u0103ugat\u0103: Num\u0103rul de [&hellip;]<\/p>\n","protected":false},"author":8,"featured_media":0,"parent":0,"menu_order":0,"comment_status":"open","ping_status":"open","template":"","meta":{"footnotes":""},"class_list":["post-7705","page","type-page","status-publish","hentry","wpbf-post"],"yoast_head":"<!-- This site is optimized with the Yoast SEO plugin v26.5 - https:\/\/yoast.com\/wordpress\/plugins\/seo\/ -->\n<title>Imprimare - rt Personal<\/title>\n<meta name=\"description\" content=\"Imprint of rt Personal GmbH - Furnizor de servicii de personal \u00een Baden Sud. Loca\u021bii \u00een Offenburg, Lahr, Malterdingen \u0219i Gundelfingen. Lua\u021bi leg\u0103tura cu noi!\" \/>\n<meta name=\"robots\" content=\"noindex, follow\" \/>\n<meta name=\"twitter:card\" content=\"summary_large_image\" \/>\n<meta name=\"twitter:title\" content=\"Imprimare - rt Personal\" \/>\n<meta name=\"twitter:description\" content=\"Imprint of rt Personal GmbH - Furnizor de servicii de personal \u00een Baden Sud. Loca\u021bii \u00een Offenburg, Lahr, Malterdingen \u0219i Gundelfingen. Lua\u021bi leg\u0103tura cu noi!\" \/>\n<meta name=\"twitter:image\" content=\"https:\/\/rtpersonal.de\/wp-content\/uploads\/2018\/05\/erecht24-siegel-impressum-blau.png\" \/>\n<meta name=\"twitter:label1\" content=\"Timp estimat pentru citire\" \/>\n\t<meta name=\"twitter:data1\" content=\"3 minute\" \/>\n<script type=\"application\/ld+json\" class=\"yoast-schema-graph\">{\"@context\":\"https:\/\/schema.org\",\"@graph\":[{\"@type\":\"WebPage\",\"@id\":\"https:\/\/rtpersonal.de\/ro\/imprimare\/\",\"url\":\"https:\/\/rtpersonal.de\/ro\/imprimare\/\",\"name\":\"Imprimare - rt Personal\",\"isPartOf\":{\"@id\":\"https:\/\/rtpersonal.de\/ro\/#website\"},\"primaryImageOfPage\":{\"@id\":\"https:\/\/rtpersonal.de\/ro\/imprimare\/#primaryimage\"},\"image\":{\"@id\":\"https:\/\/rtpersonal.de\/ro\/imprimare\/#primaryimage\"},\"thumbnailUrl\":\"https:\/\/rtpersonal.de\/wp-content\/uploads\/2018\/05\/erecht24-siegel-impressum-blau.png\",\"datePublished\":\"2015-06-24T07:39:21+00:00\",\"dateModified\":\"2025-01-03T21:58:58+00:00\",\"description\":\"Imprint of rt Personal GmbH - Furnizor de servicii de personal \u00een Baden Sud. Loca\u021bii \u00een Offenburg, Lahr, Malterdingen \u0219i Gundelfingen. Lua\u021bi leg\u0103tura cu noi!\",\"breadcrumb\":{\"@id\":\"https:\/\/rtpersonal.de\/ro\/imprimare\/#breadcrumb\"},\"inLanguage\":\"ro-RO\",\"potentialAction\":[{\"@type\":\"ReadAction\",\"target\":[\"https:\/\/rtpersonal.de\/ro\/imprimare\/\"]}]},{\"@type\":\"ImageObject\",\"inLanguage\":\"ro-RO\",\"@id\":\"https:\/\/rtpersonal.de\/ro\/imprimare\/#primaryimage\",\"url\":\"https:\/\/rtpersonal.de\/wp-content\/uploads\/2018\/05\/erecht24-siegel-impressum-blau.png\",\"contentUrl\":\"https:\/\/rtpersonal.de\/wp-content\/uploads\/2018\/05\/erecht24-siegel-impressum-blau.png\"},{\"@type\":\"BreadcrumbList\",\"@id\":\"https:\/\/rtpersonal.de\/ro\/imprimare\/#breadcrumb\",\"itemListElement\":[{\"@type\":\"ListItem\",\"position\":1,\"name\":\"Startseite\",\"item\":\"https:\/\/rtpersonal.de\/ro\/\"},{\"@type\":\"ListItem\",\"position\":2,\"name\":\"Imprimare\"}]},{\"@type\":\"WebSite\",\"@id\":\"https:\/\/rtpersonal.de\/ro\/#website\",\"url\":\"https:\/\/rtpersonal.de\/ro\/\",\"name\":\"rt Personal\",\"description\":\"Ihr Partner f\u00fcr Zeitarbeit, Leiharbeit &amp; Personalvermittlung\",\"publisher\":{\"@id\":\"https:\/\/rtpersonal.de\/ro\/#organization\"},\"potentialAction\":[{\"@type\":\"SearchAction\",\"target\":{\"@type\":\"EntryPoint\",\"urlTemplate\":\"https:\/\/rtpersonal.de\/ro\/?s={search_term_string}\"},\"query-input\":{\"@type\":\"PropertyValueSpecification\",\"valueRequired\":true,\"valueName\":\"search_term_string\"}}],\"inLanguage\":\"ro-RO\"},{\"@type\":\"Organization\",\"@id\":\"https:\/\/rtpersonal.de\/ro\/#organization\",\"name\":\"rt Personal\",\"url\":\"https:\/\/rtpersonal.de\/ro\/\",\"logo\":{\"@type\":\"ImageObject\",\"inLanguage\":\"ro-RO\",\"@id\":\"https:\/\/rtpersonal.de\/ro\/#\/schema\/logo\/image\/\",\"url\":\"https:\/\/rtpersonal.de\/wp-content\/uploads\/2019\/08\/logo_gross.png\",\"contentUrl\":\"https:\/\/rtpersonal.de\/wp-content\/uploads\/2019\/08\/logo_gross.png\",\"width\":582,\"height\":146,\"caption\":\"rt Personal\"},\"image\":{\"@id\":\"https:\/\/rtpersonal.de\/ro\/#\/schema\/logo\/image\/\"}}]}<\/script>\n<!-- \/ Yoast SEO plugin. -->","yoast_head_json":{"title":"Imprimare - rt Personal","description":"Imprint of rt Personal GmbH - Furnizor de servicii de personal \u00een Baden Sud. Loca\u021bii \u00een Offenburg, Lahr, Malterdingen \u0219i Gundelfingen. Lua\u021bi leg\u0103tura cu noi!","robots":{"index":"noindex","follow":"follow"},"twitter_card":"summary_large_image","twitter_title":"Imprimare - rt Personal","twitter_description":"Imprint of rt Personal GmbH - Furnizor de servicii de personal \u00een Baden Sud. Loca\u021bii \u00een Offenburg, Lahr, Malterdingen \u0219i Gundelfingen. Lua\u021bi leg\u0103tura cu noi!","twitter_image":"https:\/\/rtpersonal.de\/wp-content\/uploads\/2018\/05\/erecht24-siegel-impressum-blau.png","twitter_misc":{"Timp estimat pentru citire":"3 minute"},"schema":{"@context":"https:\/\/schema.org","@graph":[{"@type":"WebPage","@id":"https:\/\/rtpersonal.de\/ro\/imprimare\/","url":"https:\/\/rtpersonal.de\/ro\/imprimare\/","name":"Imprimare - rt Personal","isPartOf":{"@id":"https:\/\/rtpersonal.de\/ro\/#website"},"primaryImageOfPage":{"@id":"https:\/\/rtpersonal.de\/ro\/imprimare\/#primaryimage"},"image":{"@id":"https:\/\/rtpersonal.de\/ro\/imprimare\/#primaryimage"},"thumbnailUrl":"https:\/\/rtpersonal.de\/wp-content\/uploads\/2018\/05\/erecht24-siegel-impressum-blau.png","datePublished":"2015-06-24T07:39:21+00:00","dateModified":"2025-01-03T21:58:58+00:00","description":"Imprint of rt Personal GmbH - Furnizor de servicii de personal \u00een Baden Sud. Loca\u021bii \u00een Offenburg, Lahr, Malterdingen \u0219i Gundelfingen. Lua\u021bi leg\u0103tura cu noi!","breadcrumb":{"@id":"https:\/\/rtpersonal.de\/ro\/imprimare\/#breadcrumb"},"inLanguage":"ro-RO","potentialAction":[{"@type":"ReadAction","target":["https:\/\/rtpersonal.de\/ro\/imprimare\/"]}]},{"@type":"ImageObject","inLanguage":"ro-RO","@id":"https:\/\/rtpersonal.de\/ro\/imprimare\/#primaryimage","url":"https:\/\/rtpersonal.de\/wp-content\/uploads\/2018\/05\/erecht24-siegel-impressum-blau.png","contentUrl":"https:\/\/rtpersonal.de\/wp-content\/uploads\/2018\/05\/erecht24-siegel-impressum-blau.png"},{"@type":"BreadcrumbList","@id":"https:\/\/rtpersonal.de\/ro\/imprimare\/#breadcrumb","itemListElement":[{"@type":"ListItem","position":1,"name":"Startseite","item":"https:\/\/rtpersonal.de\/ro\/"},{"@type":"ListItem","position":2,"name":"Imprimare"}]},{"@type":"WebSite","@id":"https:\/\/rtpersonal.de\/ro\/#website","url":"https:\/\/rtpersonal.de\/ro\/","name":"rt Personal","description":"Ihr Partner f\u00fcr Zeitarbeit, Leiharbeit &amp; Personalvermittlung","publisher":{"@id":"https:\/\/rtpersonal.de\/ro\/#organization"},"potentialAction":[{"@type":"SearchAction","target":{"@type":"EntryPoint","urlTemplate":"https:\/\/rtpersonal.de\/ro\/?s={search_term_string}"},"query-input":{"@type":"PropertyValueSpecification","valueRequired":true,"valueName":"search_term_string"}}],"inLanguage":"ro-RO"},{"@type":"Organization","@id":"https:\/\/rtpersonal.de\/ro\/#organization","name":"rt Personal","url":"https:\/\/rtpersonal.de\/ro\/","logo":{"@type":"ImageObject","inLanguage":"ro-RO","@id":"https:\/\/rtpersonal.de\/ro\/#\/schema\/logo\/image\/","url":"https:\/\/rtpersonal.de\/wp-content\/uploads\/2019\/08\/logo_gross.png","contentUrl":"https:\/\/rtpersonal.de\/wp-content\/uploads\/2019\/08\/logo_gross.png","width":582,"height":146,"caption":"rt Personal"},"image":{"@id":"https:\/\/rtpersonal.de\/ro\/#\/schema\/logo\/image\/"}}]}},"_links":{"self":[{"href":"https:\/\/rtpersonal.de\/ro\/wp-json\/wp\/v2\/pages\/7705","targetHints":{"allow":["GET"]}}],"collection":[{"href":"https:\/\/rtpersonal.de\/ro\/wp-json\/wp\/v2\/pages"}],"about":[{"href":"https:\/\/rtpersonal.de\/ro\/wp-json\/wp\/v2\/types\/page"}],"author":[{"embeddable":true,"href":"https:\/\/rtpersonal.de\/ro\/wp-json\/wp\/v2\/users\/8"}],"replies":[{"embeddable":true,"href":"https:\/\/rtpersonal.de\/ro\/wp-json\/wp\/v2\/comments?post=7705"}],"version-history":[{"count":3,"href":"https:\/\/rtpersonal.de\/ro\/wp-json\/wp\/v2\/pages\/7705\/revisions"}],"predecessor-version":[{"id":9223,"href":"https:\/\/rtpersonal.de\/ro\/wp-json\/wp\/v2\/pages\/7705\/revisions\/9223"}],"wp:attachment":[{"href":"https:\/\/rtpersonal.de\/ro\/wp-json\/wp\/v2\/media?parent=7705"}],"curies":[{"name":"wp","href":"https:\/\/api.w.org\/{rel}","templated":true}]}}